{"id":4112,"date":"2024-02-01T17:32:56","date_gmt":"2024-02-02T01:32:56","guid":{"rendered":"https:\/\/ready.venturacounty.gov\/?page_id=4112"},"modified":"2026-02-18T14:32:21","modified_gmt":"2026-02-18T22:32:21","slug":"neighborhood-ready-after-the-disaster","status":"publish","type":"page","link":"https:\/\/ready.venturacounty.gov\/es\/neighborhood-ready-after-the-disaster\/","title":{"rendered":"Despu\u00e9s del desastre"},"content":{"rendered":"<h1>\n\t\t\tDespu\u00e9s del desastre\t<\/h1>\n<h1>\n\t\t\tDeclaraciones de desastre\t<\/h1>\n\t<p>\u00c9l\u00a0<a href=\"https:\/\/www.fema.gov\/disasters\/stafford-act\">Ley Robert T. Stafford de Ayuda en Casos de Desastre y Asistencia de Emergencia<\/a>, 42 USC \u00a7\u00a7 5121-5207 (Ley Stafford) \u00a7401 establece la autoridad del Presidente de los Estados Unidos para extender ayuda federal en caso de desastre a petici\u00f3n del gobernador del estado cuando se cumplen ciertos criterios.<\/p>\n<strong>Declaraci\u00f3n de emergencia<br \/>\n<\/strong>Las declaraciones de emergencia complementan los esfuerzos de los gobiernos estatales y locales o tribales indios para brindar servicios de emergencia, como la protecci\u00f3n de vidas, propiedades, salud p\u00fablica y seguridad, o para disminuir o evitar la amenaza de una cat\u00e1strofe en cualquier parte de los Estados Unidos. El importe total de la asistencia prevista en una sola emergencia no podr\u00e1 exceder de $5 millones.\n<strong>Declaraci\u00f3n de desastre mayor<br \/>\n<\/strong>El Presidente puede declarar un desastre mayor por cualquier evento natural, incluido cualquier hurac\u00e1n, tornado, tormenta, marea alta, agua impulsada por el viento, maremoto, tsunami, terremoto, erupci\u00f3n volc\u00e1nica, deslizamiento de tierra, deslizamiento de tierra, tormenta de nieve o sequ\u00eda, o, independientemente de causa, incendio, inundaci\u00f3n o explosi\u00f3n, que el Presidente determine que ha causado da\u00f1os de tal gravedad que est\u00e1n m\u00e1s all\u00e1 de las capacidades combinadas de los gobiernos estatales y locales para responder. Una declaraci\u00f3n de desastre mayor proporciona una amplia gama de programas de asistencia federal para personas e infraestructura p\u00fablica, incluidos fondos para trabajos permanentes y de emergencia.<strong><br \/>\n<\/strong>\n<h1>\n\t\t\tEvaluaciones de da\u00f1os\t<\/h1>\n\t<p>Para calificar para recibir asistencia federal despu\u00e9s de un desastre, las jurisdicciones locales deben contar la historia de los da\u00f1os de sus comunidades. El equipo de Servicios de Emergencia del Sheriff del Condado de Ventura trabaja con las ciudades, agencias p\u00fablicas, organizaciones sin fines de lucro, distritos especiales e individuos del Condado de Ventura para recopilar informes de da\u00f1os a fin de presentar las estimaciones de da\u00f1os m\u00e1s precisas. Hacemos esto de varias maneras:<\/p>\n<ul>\n<li>Recopile informes de da\u00f1os de los residentes a trav\u00e9s de <a href=\"https:\/\/emergency.venturacounty.gov\/\" data-uw-rm-brl=\"PR\" data-uw-original-href=\"http:\/\/www.vcemergency.com\">vcemergency.com<\/a>. Despu\u00e9s de un desastre, se pondr\u00e1 a disposici\u00f3n de los residentes un formulario de da\u00f1os para registrar los da\u00f1os a su propiedad y cargar fotograf\u00edas y otros documentos seg\u00fan sea necesario.<\/li>\n<li>Recopilar y compilar informes de da\u00f1os de ciudades, agencias p\u00fablicas, distritos especiales y organizaciones sin fines de lucro para presentarlos como un solo paquete a FEMA.<\/li>\n<li>Realizar evaluaciones de da\u00f1os a nivel de campo, incluidos mapeos y documentaci\u00f3n fotogr\u00e1fica.<\/li>\n<\/ul>\n<p>Toda esta informaci\u00f3n se presenta a FEMA con la esperanza de desbloquear la asistencia m\u00e1s beneficiosa para nuestros residentes.<\/p>\n<h1>\n\t\t\tAsistencia individual de FEMA\t<\/h1>\n\t<p>Seg\u00fan una Declaraci\u00f3n Presidencial, FEMA puede extender la Asistencia para Individuos y Hogares a residentes locales que tengan gastos relacionados con desastres sin seguro o con seguro insuficiente. La asistencia puede incluir fondos para:<\/p>\n<ul>\n<li>Alojamiento temporal mientras no pueda vivir en su hogar.<\/li>\n<li>Una unidad de vivienda temporal en situaciones donde no hay vivienda disponible.<\/li>\n<li>Reparaci\u00f3n o reemplazo de viviendas ocupadas por sus propietarios utilizadas como residencia principal.<\/li>\n<li>Otros gastos y necesidades graves relacionados con desastres no asegurados o con seguro insuficiente.<\/li>\n<\/ul>\n<h1>\n\t\t\tAdministraci\u00f3n de Peque\u00f1as Empresas de EE. UU.\t<\/h1>\n\t<p>Las empresas, propietarios de viviendas, inquilinos y organizaciones privadas sin fines de lucro afectadas por un desastre declarado localmente pueden ser elegibles para un pr\u00e9stamo a bajo inter\u00e9s de la Administraci\u00f3n de Peque\u00f1as Empresas (SBA). Los pr\u00e9stamos se pueden utilizar para p\u00e9rdidas no aseguradas o con seguro insuficiente que tampoco son elegibles para otra asistencia federal. Los pr\u00e9stamos est\u00e1n disponibles para:<\/p>\n<ul>\n<li>Los propietarios de viviendas pueden pedir prestado hasta $500.000 para reemplazar o reparar su residencia principal.<\/li>\n<li>Los propietarios de viviendas e inquilinos pueden pedir prestado hasta $100.000 para reemplazar o reparar bienes personales, como ropa, muebles, autom\u00f3viles y electrodom\u00e9sticos.<\/li>\n<li>Las tasas de inter\u00e9s son m\u00e1s bajas que las tasas actuales del mercado.<\/li>\n<li>Los montos y t\u00e9rminos de los pr\u00e9stamos los establece la SBA y se basan en las calificaciones financieras del individuo.<\/li>\n<\/ul>\n<h1>\n\t\t\tAsistencia p\u00fablica de FEMA\t<\/h1>\n\t<p>Cuando un \u00e1rea ha recibido una declaraci\u00f3n presidencial de emergencia o desastre mayor, los gobiernos locales y ciertos tipos de organizaciones privadas sin fines de lucro pueden ser elegibles para recibir Asistencia P\u00fablica para:<\/p>\n<ul>\n<li>Una instalaci\u00f3n que califica como edificio, sistema de obras p\u00fablicas, equipo o caracter\u00edstica natural mejorada y mantenida.<\/li>\n<li>Trabajo que califica como de emergencia o permanente y que se requiere como resultado del desastre declarado localmente.<\/li>\n<li>Costos asociados con el trabajo elegible.<\/li>\n<\/ul>\n<h1>\n\t\t\tRecursos\t<\/h1>\n\t<p><a href=\"https:\/\/www.fema.gov\/assistance\/individual\" data-uw-rm-brl=\"PR\" data-uw-original-href=\"https:\/\/www.fema.gov\/assistance\/individual\"><strong>Asistencia individual de FEMA<\/strong><\/a><\/p>\n<p><strong><a href=\"https:\/\/www.fema.gov\/assistance\/public\/process\" data-uw-rm-brl=\"PR\" data-uw-original-href=\"https:\/\/www.fema.gov\/assistance\/public\/process\">Asistencia p\u00fablica de FEMA<\/a><\/strong><\/p>\n<p><strong><a href=\"https:\/\/www.sba.gov\/funding-programs\/disaster-assistance\" data-uw-rm-brl=\"PR\" data-uw-original-href=\"https:\/\/www.sba.gov\/funding-programs\/disaster-assistance\">Administraci\u00f3n de Peque\u00f1as Empresas de EE. UU.<\/a><\/strong><\/p>\n<p><a href=\"https:\/\/www.asbestos.com\/asbestos\/natural-disasters\/\" data-uw-rm-brl=\"PR\" data-uw-original-href=\"https:\/\/www.asbestos.com\/asbestos\/natural-disasters\/\"><strong>Gu\u00eda sobre asbesto y desastres naturales<\/strong><\/a><\/p>\n\t<p>&nbsp;<\/p>\n<p>&nbsp;<\/p>\n<figure data-animation-delay=\"0\" data-animation-duration=\"2\" itemscope itemtype=\"https:\/\/schema.org\/ImageObject\">\n\t\t\t\t<img decoding=\"async\" src=\"https:\/\/ready.venturacounty.gov\/wp-content\/uploads\/2022\/03\/emergencykit-quickclip.png\" alt=\"Emergency Kit\" height=\"1190\" width=\"1500\" onerror=\"this.style.display='none'\" loading=\"lazy\" \/>\n\t<\/figure>\n\t\t<h2>\n\t\t\tComience con su kit de emergencia\n\t\t<\/h2>\n\t<p>\u00a1No espere hasta que ocurra una emergencia, cuando sea demasiado tarde! Ready Ventura County le facilita la creaci\u00f3n de un kit adecuado para su hogar. Utilice nuestro generador de planes para comenzar hoy.<\/p>\n\t\t\t<a href=\"https:\/\/ready.venturacounty.gov\/es\/prepare\/\"  target=\"_self\">\n\t\t\t\t\t\t\tCONSTRUYE TU EQUIPO\n\t\t\t\t\t<\/a>","protected":false},"excerpt":{"rendered":"<p>Despu\u00e9s del Desastre Declaraciones de Desastre La Ley Robert T. Stafford de Asistencia de Emergencia y Ayuda en Casos de Desastre, 42 USC \u00a7\u00a7 5121-5207 (la Ley Stafford) \u00a7401 establece la autoridad del Presidente de los Estados Unidos...<\/p>","protected":false},"author":4,"featured_media":0,"parent":0,"menu_order":0,"comment_status":"closed","ping_status":"closed","template":"","meta":{"footnotes":""},"class_list":["post-4112","page","type-page","status-publish","hentry"],"yoast_head":"<!-- This site is optimized with the Yoast SEO plugin v27.5 - https:\/\/yoast.com\/product\/yoast-seo-wordpress\/ -->\n<title>After the Disaster - Ready Ventura County<\/title>\n<meta name=\"robots\" content=\"index, follow, max-snippet:-1, max-image-preview:large, max-video-preview:-1\" \/>\n<link rel=\"canonical\" href=\"https:\/\/ready.venturacounty.gov\/es\/wp-json\/wp\/v2\/pages\/4112\" \/>\n<meta property=\"og:locale\" content=\"es_MX\" \/>\n<meta property=\"og:type\" content=\"article\" \/>\n<meta property=\"og:title\" content=\"After the Disaster - Ready Ventura County\" \/>\n<meta property=\"og:description\" content=\"After the Disaster Disaster Declarations The\u00a0Robert T. Stafford Disaster Relief and Emergency Assistance Act, 42 U.S.C. \u00a7\u00a7 5121-5207 (the Stafford Act) \u00a7401 establishes the authority of the United States President&hellip;\" \/>\n<meta property=\"og:url\" content=\"https:\/\/ready.venturacounty.gov\/es\/neighborhood-ready-after-the-disaster\/\" \/>\n<meta property=\"og:site_name\" content=\"Ready Ventura County\" \/>\n<meta property=\"article:publisher\" content=\"https:\/\/www.facebook.com\/CountyOfVentura\/\" \/>\n<meta property=\"article:modified_time\" content=\"2026-02-18T22:32:21+00:00\" \/>\n<meta property=\"og:image\" content=\"https:\/\/ready.venturacounty.gov\/wp-content\/uploads\/2022\/03\/emergencykit-quickclip.png\" \/>\n<meta name=\"twitter:card\" content=\"summary_large_image\" \/>\n<meta name=\"twitter:label1\" content=\"Tiempo de lectura\" \/>\n\t<meta name=\"twitter:data1\" content=\"4 minutos\" \/>\n<script type=\"application\/ld+json\" class=\"yoast-schema-graph\">{\"@context\":\"https:\\\/\\\/schema.org\",\"@graph\":[{\"@type\":\"WebPage\",\"@id\":\"https:\\\/\\\/ready.venturacounty.gov\\\/neighborhood-ready-after-the-disaster\\\/\",\"url\":\"https:\\\/\\\/ready.venturacounty.gov\\\/neighborhood-ready-after-the-disaster\\\/\",\"name\":\"After the Disaster - Ready Ventura County\",\"isPartOf\":{\"@id\":\"https:\\\/\\\/ready.venturacounty.gov\\\/#website\"},\"primaryImageOfPage\":{\"@id\":\"https:\\\/\\\/ready.venturacounty.gov\\\/neighborhood-ready-after-the-disaster\\\/#primaryimage\"},\"image\":{\"@id\":\"https:\\\/\\\/ready.venturacounty.gov\\\/neighborhood-ready-after-the-disaster\\\/#primaryimage\"},\"thumbnailUrl\":\"https:\\\/\\\/ready.venturacounty.gov\\\/wp-content\\\/uploads\\\/2022\\\/03\\\/emergencykit-quickclip.png\",\"datePublished\":\"2024-02-02T01:32:56+00:00\",\"dateModified\":\"2026-02-18T22:32:21+00:00\",\"breadcrumb\":{\"@id\":\"https:\\\/\\\/ready.venturacounty.gov\\\/neighborhood-ready-after-the-disaster\\\/#breadcrumb\"},\"inLanguage\":\"es-MX\",\"potentialAction\":[{\"@type\":\"ReadAction\",\"target\":[\"https:\\\/\\\/ready.venturacounty.gov\\\/neighborhood-ready-after-the-disaster\\\/\"]}]},{\"@type\":\"ImageObject\",\"inLanguage\":\"es-MX\",\"@id\":\"https:\\\/\\\/ready.venturacounty.gov\\\/neighborhood-ready-after-the-disaster\\\/#primaryimage\",\"url\":\"https:\\\/\\\/ready.venturacounty.gov\\\/wp-content\\\/uploads\\\/2022\\\/03\\\/emergencykit-quickclip.png\",\"contentUrl\":\"https:\\\/\\\/ready.venturacounty.gov\\\/wp-content\\\/uploads\\\/2022\\\/03\\\/emergencykit-quickclip.png\"},{\"@type\":\"BreadcrumbList\",\"@id\":\"https:\\\/\\\/ready.venturacounty.gov\\\/neighborhood-ready-after-the-disaster\\\/#breadcrumb\",\"itemListElement\":[{\"@type\":\"ListItem\",\"position\":1,\"name\":\"Home\",\"item\":\"https:\\\/\\\/ready.venturacounty.gov\\\/\"},{\"@type\":\"ListItem\",\"position\":2,\"name\":\"After the Disaster\"}]},{\"@type\":\"WebSite\",\"@id\":\"https:\\\/\\\/ready.venturacounty.gov\\\/#website\",\"url\":\"https:\\\/\\\/ready.venturacounty.gov\\\/\",\"name\":\"Ready Ventura County\",\"description\":\"\",\"publisher\":{\"@id\":\"https:\\\/\\\/ready.venturacounty.gov\\\/#organization\"},\"potentialAction\":[{\"@type\":\"SearchAction\",\"target\":{\"@type\":\"EntryPoint\",\"urlTemplate\":\"https:\\\/\\\/ready.venturacounty.gov\\\/?s={search_term_string}\"},\"query-input\":{\"@type\":\"PropertyValueSpecification\",\"valueRequired\":true,\"valueName\":\"search_term_string\"}}],\"inLanguage\":\"es-MX\"},{\"@type\":\"Organization\",\"@id\":\"https:\\\/\\\/ready.venturacounty.gov\\\/#organization\",\"name\":\"County Of Ventura\",\"url\":\"https:\\\/\\\/ready.venturacounty.gov\\\/\",\"logo\":{\"@type\":\"ImageObject\",\"inLanguage\":\"es-MX\",\"@id\":\"https:\\\/\\\/ready.venturacounty.gov\\\/#\\\/schema\\\/logo\\\/image\\\/\",\"url\":\"https:\\\/\\\/ready.venturacounty.gov\\\/wp-content\\\/uploads\\\/2022\\\/06\\\/VC-Seal-Chosen_Full-Color_052522.png\",\"contentUrl\":\"https:\\\/\\\/ready.venturacounty.gov\\\/wp-content\\\/uploads\\\/2022\\\/06\\\/VC-Seal-Chosen_Full-Color_052522.png\",\"width\":2077,\"height\":2087,\"caption\":\"County Of Ventura\"},\"image\":{\"@id\":\"https:\\\/\\\/ready.venturacounty.gov\\\/#\\\/schema\\\/logo\\\/image\\\/\"},\"sameAs\":[\"https:\\\/\\\/www.facebook.com\\\/CountyOfVentura\\\/\"]}]}<\/script>\n<!-- \/ Yoast SEO plugin. -->","yoast_head_json":{"title":"After the Disaster - Ready Ventura County","robots":{"index":"index","follow":"follow","max-snippet":"max-snippet:-1","max-image-preview":"max-image-preview:large","max-video-preview":"max-video-preview:-1"},"canonical":"https:\/\/ready.venturacounty.gov\/es\/wp-json\/wp\/v2\/pages\/4112","og_locale":"es_MX","og_type":"article","og_title":"After the Disaster - Ready Ventura County","og_description":"After the Disaster Disaster Declarations The\u00a0Robert T. Stafford Disaster Relief and Emergency Assistance Act, 42 U.S.C. \u00a7\u00a7 5121-5207 (the Stafford Act) \u00a7401 establishes the authority of the United States President&hellip;","og_url":"https:\/\/ready.venturacounty.gov\/es\/neighborhood-ready-after-the-disaster\/","og_site_name":"Ready Ventura County","article_publisher":"https:\/\/www.facebook.com\/CountyOfVentura\/","article_modified_time":"2026-02-18T22:32:21+00:00","og_image":[{"url":"https:\/\/ready.venturacounty.gov\/wp-content\/uploads\/2022\/03\/emergencykit-quickclip.png","type":"","width":"","height":""}],"twitter_card":"summary_large_image","twitter_misc":{"Tiempo de lectura":"4 minutos"},"schema":{"@context":"https:\/\/schema.org","@graph":[{"@type":"WebPage","@id":"https:\/\/ready.venturacounty.gov\/neighborhood-ready-after-the-disaster\/","url":"https:\/\/ready.venturacounty.gov\/neighborhood-ready-after-the-disaster\/","name":"After the Disaster - Ready Ventura County","isPartOf":{"@id":"https:\/\/ready.venturacounty.gov\/#website"},"primaryImageOfPage":{"@id":"https:\/\/ready.venturacounty.gov\/neighborhood-ready-after-the-disaster\/#primaryimage"},"image":{"@id":"https:\/\/ready.venturacounty.gov\/neighborhood-ready-after-the-disaster\/#primaryimage"},"thumbnailUrl":"https:\/\/ready.venturacounty.gov\/wp-content\/uploads\/2022\/03\/emergencykit-quickclip.png","datePublished":"2024-02-02T01:32:56+00:00","dateModified":"2026-02-18T22:32:21+00:00","breadcrumb":{"@id":"https:\/\/ready.venturacounty.gov\/neighborhood-ready-after-the-disaster\/#breadcrumb"},"inLanguage":"es-MX","potentialAction":[{"@type":"ReadAction","target":["https:\/\/ready.venturacounty.gov\/neighborhood-ready-after-the-disaster\/"]}]},{"@type":"ImageObject","inLanguage":"es-MX","@id":"https:\/\/ready.venturacounty.gov\/neighborhood-ready-after-the-disaster\/#primaryimage","url":"https:\/\/ready.venturacounty.gov\/wp-content\/uploads\/2022\/03\/emergencykit-quickclip.png","contentUrl":"https:\/\/ready.venturacounty.gov\/wp-content\/uploads\/2022\/03\/emergencykit-quickclip.png"},{"@type":"BreadcrumbList","@id":"https:\/\/ready.venturacounty.gov\/neighborhood-ready-after-the-disaster\/#breadcrumb","itemListElement":[{"@type":"ListItem","position":1,"name":"Home","item":"https:\/\/ready.venturacounty.gov\/"},{"@type":"ListItem","position":2,"name":"After the Disaster"}]},{"@type":"WebSite","@id":"https:\/\/ready.venturacounty.gov\/#website","url":"https:\/\/ready.venturacounty.gov\/","name":"Listo Condado de Ventura","description":"","publisher":{"@id":"https:\/\/ready.venturacounty.gov\/#organization"},"potentialAction":[{"@type":"SearchAction","target":{"@type":"EntryPoint","urlTemplate":"https:\/\/ready.venturacounty.gov\/?s={search_term_string}"},"query-input":{"@type":"PropertyValueSpecification","valueRequired":true,"valueName":"search_term_string"}}],"inLanguage":"es-MX"},{"@type":"Organization","@id":"https:\/\/ready.venturacounty.gov\/#organization","name":"County Of Ventura","url":"https:\/\/ready.venturacounty.gov\/","logo":{"@type":"ImageObject","inLanguage":"es-MX","@id":"https:\/\/ready.venturacounty.gov\/#\/schema\/logo\/image\/","url":"https:\/\/ready.venturacounty.gov\/wp-content\/uploads\/2022\/06\/VC-Seal-Chosen_Full-Color_052522.png","contentUrl":"https:\/\/ready.venturacounty.gov\/wp-content\/uploads\/2022\/06\/VC-Seal-Chosen_Full-Color_052522.png","width":2077,"height":2087,"caption":"County Of Ventura"},"image":{"@id":"https:\/\/ready.venturacounty.gov\/#\/schema\/logo\/image\/"},"sameAs":["https:\/\/www.facebook.com\/CountyOfVentura\/"]}]}},"_links":{"self":[{"href":"https:\/\/ready.venturacounty.gov\/es\/wp-json\/wp\/v2\/pages\/4112","targetHints":{"allow":["GET"]}}],"collection":[{"href":"https:\/\/ready.venturacounty.gov\/es\/wp-json\/wp\/v2\/pages"}],"about":[{"href":"https:\/\/ready.venturacounty.gov\/es\/wp-json\/wp\/v2\/types\/page"}],"author":[{"embeddable":true,"href":"https:\/\/ready.venturacounty.gov\/es\/wp-json\/wp\/v2\/users\/4"}],"replies":[{"embeddable":true,"href":"https:\/\/ready.venturacounty.gov\/es\/wp-json\/wp\/v2\/comments?post=4112"}],"version-history":[{"count":0,"href":"https:\/\/ready.venturacounty.gov\/es\/wp-json\/wp\/v2\/pages\/4112\/revisions"}],"wp:attachment":[{"href":"https:\/\/ready.venturacounty.gov\/es\/wp-json\/wp\/v2\/media?parent=4112"}],"curies":[{"name":"wp","href":"https:\/\/api.w.org\/{rel}","templated":true}]}}