{"id":3206,"date":"2022-04-12T16:10:04","date_gmt":"2022-04-12T23:10:04","guid":{"rendered":"https:\/\/ready.venturacounty.gov\/?page_id=3206"},"modified":"2026-02-18T14:49:21","modified_gmt":"2026-02-18T22:49:21","slug":"weather","status":"publish","type":"page","link":"https:\/\/ready.venturacounty.gov\/es\/weather\/","title":{"rendered":"Tiempo"},"content":{"rendered":"<h1>\n\t\t\tTiempo\t<\/h1>\n\t<p>El clima generalmente templado del condado de Ventura a veces puede verse afectado por condiciones clim\u00e1ticas extremas. Algunas de estas condiciones incluyen sequ\u00eda, fr\u00edo o calor extremo, tormentas severas, vientos fuertes e incluso tornados ocasionales. Esto es lo que necesita saber:<\/p>\n<h1>\n\t\t\tCambio clim\u00e1tico\t<\/h1>\n\t<p>El cambio clim\u00e1tico es el cambio gradual y significativo en el sistema clim\u00e1tico t\u00edpico o hist\u00f3rico de un \u00e1rea, mientras que el clima severo describe el estado actual de la atm\u00f3sfera, ya sea viento, lluvia, temperaturas, etc. El cambio clim\u00e1tico no se considera clima severo, pero es intrincadamente vinculado a los patrones meteorol\u00f3gicos en evoluci\u00f3n que afectan la frecuencia y\/o la gravedad de los eventos. Los residentes del condado de Ventura y la industria local son vulnerables a los impactos duraderos del cambio clim\u00e1tico y los eventos clim\u00e1ticos severos resultantes. Esto es lo que necesita saber.<\/p>\n<ul>\n<li>Hist\u00f3ricamente, las sequ\u00edas han sido un componente c\u00edclico del clima de California. Los a\u00f1os secos prolongados ejercen presi\u00f3n sobre nuestro suministro de agua. Para obtener m\u00e1s informaci\u00f3n sobre la conservaci\u00f3n del agua, visite <strong><a href=\"https:\/\/publicworks.venturacounty.gov\/wsd\/waterconservation\/\" data-uw-rm-brl=\"PR\" data-uw-original-href=\"https:\/\/www.vcpublicworks.org\/wsd\/waterconservation\/\">Agencia de Obras P\u00fablicas del Condado de Ventura<\/a>.<\/strong><\/li>\n<li>El condado de Ventura es uno de los diez principales condados agr\u00edcolas de California. Las condiciones c\u00e1lidas y secas sostenidas aumentan el riesgo de suministro de riego insuficiente e infestaci\u00f3n de plagas.<\/li>\n<li>Se estima que el aumento del nivel del mar, causado por el aumento de la temperatura del oc\u00e9ano y el derretimiento de los glaciares, aumentar\u00e1 los niveles del agua del oc\u00e9ano en el condado de Ventura hasta 3,2 pies en 2050.<\/li>\n<li>El calentamiento de las temperaturas y el aumento del agua amenazan la vida marina, contribuyen a la erosi\u00f3n costera, al aumento de las aguas subterr\u00e1neas y a la ampliaci\u00f3n de los modelos de inundaciones.<\/li>\n<\/ul>\n<h1>\n\t\t\tFrio\/Calor\t<\/h1>\n\t<p>Durante ciertas \u00e9pocas del a\u00f1o, el condado de Ventura experimenta sistemas clim\u00e1ticos que producen temperaturas extremas. Tanto el calor como el fr\u00edo excesivos pueden plantear problemas de salud. As\u00ed es como puedes prepararte:<\/p>\n<ul>\n<li>Est\u00e9n atentos a los informes meteorol\u00f3gicos de la <strong><a href=\"https:\/\/www.weather.gov\/lox\/\" target=\"_blank\" rel=\"noopener\" data-uw-rm-brl=\"PR\" data-uw-original-href=\"https:\/\/www.weather.gov\/lox\/\" aria-label=\"National Weather Service - open in a new tab\" data-uw-rm-ext-link=\"\">Servicio Meteorol\u00f3gico Nacional<\/a><\/strong> o sigue <strong><a href=\"https:\/\/twitter.com\/NWSLosAngeles?s=20&amp;t=wujvTEH0Nyxu4h8X-URV_Q\" target=\"_blank\" rel=\"noopener\" data-uw-rm-brl=\"PR\" data-uw-original-href=\"https:\/\/twitter.com\/NWSLosAngeles?s=20&amp;t=wujvTEH0Nyxu4h8X-URV_Q\" aria-label=\"Twitter - open in a new tab\" data-uw-rm-ext-link=\"\">Gorjeo<\/a><\/strong> y planificar actividades en torno a los picos y las bajas temperaturas.<\/li>\n<li>Qu\u00e9dese adentro, si es posible. Los edificios p\u00fablicos pueden ofrecer alivio del calor y el fr\u00edo durante el horario comercial<\/li>\n<li>Los adultos mayores y los ni\u00f1os pueden ser m\u00e1s susceptibles a las temperaturas extremas. Controle a sus seres queridos y vecinos.<\/li>\n<li>Nunca deje ni\u00f1os o mascotas solos en los veh\u00edculos.<\/li>\n<li>En ciertas condiciones, un centro de calentamiento o enfriamiento puede estar disponible en su \u00e1rea. Consulta con tu ciudad o visita <strong><a href=\"https:\/\/emergency.venturacounty.gov\/\" target=\"_blank\" rel=\"noopener\" data-uw-rm-brl=\"PR\" data-uw-original-href=\"https:\/\/www.vcemergency.com\/\" aria-label=\"VC Emergency - open in a new tab\" data-uw-rm-ext-link=\"\">Emergencia CV<\/a><\/strong> para obtener m\u00e1s informaci\u00f3n durante un evento de temperatura extrema.<\/li>\n<\/ul>\n<h1>\n\t\t\tTormentas\t<\/h1>\n\t<p>A veces, cuando llueve, llueve a c\u00e1ntaros. Incluso en una sequ\u00eda, California ve su parte de tormentas el\u00e9ctricas y fuertes lluvias impulsadas por el viento.<\/p>\n<ul>\n<li>Los avances en la meteorolog\u00eda significan que los fen\u00f3menos meteorol\u00f3gicos severos rara vez son una sorpresa.<\/li>\n<li>\u00c9l <strong><a href=\"https:\/\/www.weather.gov\/lox\/\" target=\"_blank\" rel=\"noopener\">Servicio Meteorol\u00f3gico Nacional<\/a><\/strong> notifica al p\u00fablico del peligro pendiente. Est\u00e9 atento a las alertas de emergencia en sus dispositivos inal\u00e1mbricos, satelitales o de transmisi\u00f3n.<\/li>\n<li>Prep\u00e1rate para quedarte o irte. Dependiendo de la situaci\u00f3n, puede ser m\u00e1s seguro quedarse donde est\u00e1. Almacene suministros en casa, en su autom\u00f3vil o en el trabajo.<\/li>\n<li>Los sistemas de El Ni\u00f1o y La Ni\u00f1a impactan la precipitaci\u00f3n en California al traer estaciones m\u00e1s h\u00famedas o m\u00e1s secas, respectivamente.<\/li>\n<\/ul>\n<h1>\n\t\t\ttornados\t<\/h1>\n\t<p>Los residentes del condado de Ventura disfrutan de un clima hermoso la mayor parte del tiempo, pero de vez en cuando, la naturaleza les da una sorpresa.<\/p>\n<ul>\n<li>\u00bfQuien sabe? El condado de Ventura ha experimentado aproximadamente siete tornados en tierra desde 1992.<\/li>\n<li>En 2019, un tornado leve con velocidades de viento de 65 a 85 mph caus\u00f3 algunos da\u00f1os en el puerto de Ventura y las \u00e1reas agr\u00edcolas locales.<\/li>\n<li>El aire fr\u00edo del Oc\u00e9ano Pac\u00edfico se mezcla con el aire c\u00e1lido proveniente de los desiertos del interior, raz\u00f3n por la cual la mayor\u00eda de los tornados locales comienzan como trombas marinas y avanzan hacia la tierra.<\/li>\n<li>Los incendios forestales pueden producir \u201cfirenadoes\u201d Cuando el aire caliente sube y se mezcla con el aire nuevo de la superficie, comienza a rotar, provocando un tornado lleno de fuego. Los Firenadoes son impredecibles y muy peligrosos.<\/li>\n<\/ul>\n<h1>\n\t\t\tViento\t<\/h1>\n\t<p>Los vientos de Santa Ana suelen llegar en oto\u00f1o, trayendo condiciones c\u00e1lidas y secas. Sin embargo, los eventos de viento pueden ocurrir en cualquier \u00e9poca del a\u00f1o.<\/p>\n<ul>\n<li>Los fuertes vientos reducen r\u00e1pidamente la humedad en el aire y la vegetaci\u00f3n, lo que aumenta el riesgo y la propagaci\u00f3n de incendios forestales.<\/li>\n<li>El Servicio Meteorol\u00f3gico Nacional emite una advertencia de bandera roja para los per\u00edodos en los que se pronostica una combinaci\u00f3n de condiciones clim\u00e1ticas, que incluyen baja humedad, altas temperaturas y r\u00e1fagas de viento.<\/li>\n<li>Los vientos fuertes tienen la capacidad de transportar objetos pesados y derribar \u00e1rboles. Siempre est\u00e9 atento a los escombros y tenga cuidado cuando est\u00e9 afuera.<\/li>\n<li>Durante eventos de viento fuerte, las empresas de servicios p\u00fablicos pueden decidir cortar la energ\u00eda para reducir la posibilidad de que el equipo inicie un incendio.<\/li>\n<li>Haz tu parte. Evite usar barbacoas al aire libre, chimeneas y otras actividades que involucren fuego cuando haya vientos fuertes.<\/li>\n<\/ul>\n<h1>\n\t\t\tRecursos\t<\/h1>\n\t<p><strong><a href=\"https:\/\/experience.arcgis.com\/experience\/f3abbf7ed4624a81ab6238fee0caee26\/page\/Addl-Hazards-of-Concern\/\" target=\"_blank\" rel=\"noopener\">Mapa de historia de mitigaci\u00f3n de peligros<\/a><\/strong><\/p>\n<p><a href=\"https:\/\/www.cdph.ca.gov\/Programs\/CEH\/DFDCS\/Pages\/FDBPrograms\/FoodSafetyProgram\/Water.aspx\"><strong>California Department of Public Health Authorized Water Haulers<\/strong><\/a><\/p>\n<p><a href=\"https:\/\/water.noaa.gov\" target=\"_blank\" rel=\"noopener\"><strong>Servicios Avanzados de Predicci\u00f3n Hidrol\u00f3gica (AHPS)<\/strong><\/a><\/p>\n<p><a href=\"https:\/\/www.weather.gov\/lox\/\" target=\"_blank\" rel=\"noopener\"><strong>Servicio Meteorol\u00f3gico Nacional \u2013 Los \u00c1ngeles\/Oxnard<\/strong><\/a><\/p>\n<p><strong><a href=\"https:\/\/www.drought.gov\/states\/california\/county\/ventura\" target=\"_blank\" rel=\"noopener\">Sistema Nacional Integrado de Informaci\u00f3n sobre Sequ\u00edas<\/a><\/strong><\/p>\n<p><strong><a href=\"https:\/\/ourcoastourfuture.org\/\" target=\"_blank\" rel=\"noopener\">Nuestra Costa Nuestro Futuro<\/a><\/strong><\/p>\n<p><a href=\"https:\/\/www.cdc.gov\/disasters\/extremeheat\/index.html\" target=\"_blank\" rel=\"noopener\"><strong>CDC \u2013 Calor extremo<\/strong><\/a><\/p>\n<p><strong><a href=\"https:\/\/www.library.ca.gov\/branches\/\" target=\"_blank\" rel=\"noopener\">Directorio de bibliotecas del estado de California: centros de refrigeraci\u00f3n\/calentamiento<\/a><\/strong><\/p>\n<p>&nbsp;<\/p>\n<h1>\n\t\t\t\u00bfSab\u00edas?\t<\/h1>\n<h2>\n\t\t\tLos vientos de Santa Ana tambi\u00e9n se conocen como &quot;Aliento del diablo&quot; o &quot;Viento del diablo&quot; debido a las condiciones c\u00e1lidas y secas que traen.\t<\/h2>\n\t<p>Seg\u00fan los informes, Simi Valley obtuvo su nombre de la palabra Chumash &quot;shimiji&quot;, que se cree que significa &quot;peque\u00f1as nubes blancas que bailan en el viento&quot;.<\/p>\n<figure data-animation-delay=\"0\" data-animation-duration=\"2\" itemscope itemtype=\"https:\/\/schema.org\/ImageObject\">\n\t\t\t\t<img decoding=\"async\" src=\"https:\/\/ready.venturacounty.gov\/wp-content\/uploads\/2022\/03\/emergencykit-quickclip.png\" alt=\"Emergency Kit\" height=\"1190\" width=\"1500\" onerror=\"this.style.display='none'\" loading=\"lazy\" \/>\n\t<\/figure>\n\t\t<h2>\n\t\t\tComience con su kit de emergencia\n\t\t<\/h2>\n\t<p>\u00a1No espere hasta que ocurra una emergencia, cuando sea demasiado tarde! Ready Ventura County le facilita la creaci\u00f3n de un kit adecuado para su hogar. Utilice nuestro generador de planes para comenzar hoy.<\/p>\n\t\t\t<a href=\"https:\/\/ready.venturacounty.gov\/es\/prepare\/\"  target=\"_self\">\n\t\t\t\t\t\t\tCONSTRUYE TU EQUIPO\n\t\t\t\t\t<\/a>","protected":false},"excerpt":{"rendered":"<p>Clima El clima generalmente templado del condado de Ventura a veces puede verse alterado por condiciones clim\u00e1ticas extremas. Algunas de estas condiciones incluyen sequ\u00eda, fr\u00edo o calor extremo, tormentas severas, vientos fuertes e incluso\u2026<\/p>","protected":false},"author":1,"featured_media":0,"parent":0,"menu_order":0,"comment_status":"closed","ping_status":"closed","template":"","meta":{"footnotes":""},"class_list":["post-3206","page","type-page","status-publish","hentry"],"yoast_head":"<!-- This site is optimized with the Yoast SEO plugin v27.5 - https:\/\/yoast.com\/product\/yoast-seo-wordpress\/ -->\n<title>Weather - Ready Ventura County<\/title>\n<meta name=\"robots\" content=\"index, follow, max-snippet:-1, max-image-preview:large, max-video-preview:-1\" \/>\n<link rel=\"canonical\" href=\"https:\/\/ready.venturacounty.gov\/es\/wp-json\/wp\/v2\/pages\/3206\" \/>\n<meta property=\"og:locale\" content=\"es_MX\" \/>\n<meta property=\"og:type\" content=\"article\" \/>\n<meta property=\"og:title\" content=\"Weather - Ready Ventura County\" \/>\n<meta property=\"og:description\" content=\"Weather Ventura County&#8217;s generally mild climate can sometimes be disrupted by extreme weather conditions. Some of these conditions include drought, extreme cold or heat, severe storms, strong winds, and even&hellip;\" \/>\n<meta property=\"og:url\" content=\"https:\/\/ready.venturacounty.gov\/es\/weather\/\" \/>\n<meta property=\"og:site_name\" content=\"Ready Ventura County\" \/>\n<meta property=\"article:publisher\" content=\"https:\/\/www.facebook.com\/CountyOfVentura\/\" \/>\n<meta property=\"article:modified_time\" content=\"2026-02-18T22:49:21+00:00\" \/>\n<meta property=\"og:image\" content=\"https:\/\/ready.venturacounty.gov\/wp-content\/uploads\/2022\/03\/emergencykit-quickclip.png\" \/>\n<meta name=\"twitter:card\" content=\"summary_large_image\" \/>\n<script type=\"application\/ld+json\" class=\"yoast-schema-graph\">{\"@context\":\"https:\\\/\\\/schema.org\",\"@graph\":[{\"@type\":\"WebPage\",\"@id\":\"https:\\\/\\\/ready.venturacounty.gov\\\/weather\\\/\",\"url\":\"https:\\\/\\\/ready.venturacounty.gov\\\/weather\\\/\",\"name\":\"Weather - Ready Ventura County\",\"isPartOf\":{\"@id\":\"https:\\\/\\\/ready.venturacounty.gov\\\/#website\"},\"primaryImageOfPage\":{\"@id\":\"https:\\\/\\\/ready.venturacounty.gov\\\/weather\\\/#primaryimage\"},\"image\":{\"@id\":\"https:\\\/\\\/ready.venturacounty.gov\\\/weather\\\/#primaryimage\"},\"thumbnailUrl\":\"https:\\\/\\\/ready.venturacounty.gov\\\/wp-content\\\/uploads\\\/2022\\\/03\\\/emergencykit-quickclip.png\",\"datePublished\":\"2022-04-12T23:10:04+00:00\",\"dateModified\":\"2026-02-18T22:49:21+00:00\",\"breadcrumb\":{\"@id\":\"https:\\\/\\\/ready.venturacounty.gov\\\/weather\\\/#breadcrumb\"},\"inLanguage\":\"es-MX\",\"potentialAction\":[{\"@type\":\"ReadAction\",\"target\":[\"https:\\\/\\\/ready.venturacounty.gov\\\/weather\\\/\"]}]},{\"@type\":\"ImageObject\",\"inLanguage\":\"es-MX\",\"@id\":\"https:\\\/\\\/ready.venturacounty.gov\\\/weather\\\/#primaryimage\",\"url\":\"https:\\\/\\\/ready.venturacounty.gov\\\/wp-content\\\/uploads\\\/2022\\\/03\\\/emergencykit-quickclip.png\",\"contentUrl\":\"https:\\\/\\\/ready.venturacounty.gov\\\/wp-content\\\/uploads\\\/2022\\\/03\\\/emergencykit-quickclip.png\"},{\"@type\":\"BreadcrumbList\",\"@id\":\"https:\\\/\\\/ready.venturacounty.gov\\\/weather\\\/#breadcrumb\",\"itemListElement\":[{\"@type\":\"ListItem\",\"position\":1,\"name\":\"Home\",\"item\":\"https:\\\/\\\/ready.venturacounty.gov\\\/\"},{\"@type\":\"ListItem\",\"position\":2,\"name\":\"Weather\"}]},{\"@type\":\"WebSite\",\"@id\":\"https:\\\/\\\/ready.venturacounty.gov\\\/#website\",\"url\":\"https:\\\/\\\/ready.venturacounty.gov\\\/\",\"name\":\"Ready Ventura County\",\"description\":\"\",\"publisher\":{\"@id\":\"https:\\\/\\\/ready.venturacounty.gov\\\/#organization\"},\"potentialAction\":[{\"@type\":\"SearchAction\",\"target\":{\"@type\":\"EntryPoint\",\"urlTemplate\":\"https:\\\/\\\/ready.venturacounty.gov\\\/?s={search_term_string}\"},\"query-input\":{\"@type\":\"PropertyValueSpecification\",\"valueRequired\":true,\"valueName\":\"search_term_string\"}}],\"inLanguage\":\"es-MX\"},{\"@type\":\"Organization\",\"@id\":\"https:\\\/\\\/ready.venturacounty.gov\\\/#organization\",\"name\":\"County Of Ventura\",\"url\":\"https:\\\/\\\/ready.venturacounty.gov\\\/\",\"logo\":{\"@type\":\"ImageObject\",\"inLanguage\":\"es-MX\",\"@id\":\"https:\\\/\\\/ready.venturacounty.gov\\\/#\\\/schema\\\/logo\\\/image\\\/\",\"url\":\"https:\\\/\\\/ready.venturacounty.gov\\\/wp-content\\\/uploads\\\/2022\\\/06\\\/VC-Seal-Chosen_Full-Color_052522.png\",\"contentUrl\":\"https:\\\/\\\/ready.venturacounty.gov\\\/wp-content\\\/uploads\\\/2022\\\/06\\\/VC-Seal-Chosen_Full-Color_052522.png\",\"width\":2077,\"height\":2087,\"caption\":\"County Of Ventura\"},\"image\":{\"@id\":\"https:\\\/\\\/ready.venturacounty.gov\\\/#\\\/schema\\\/logo\\\/image\\\/\"},\"sameAs\":[\"https:\\\/\\\/www.facebook.com\\\/CountyOfVentura\\\/\"]}]}<\/script>\n<!-- \/ Yoast SEO plugin. -->","yoast_head_json":{"title":"Weather - Ready Ventura County","robots":{"index":"index","follow":"follow","max-snippet":"max-snippet:-1","max-image-preview":"max-image-preview:large","max-video-preview":"max-video-preview:-1"},"canonical":"https:\/\/ready.venturacounty.gov\/es\/wp-json\/wp\/v2\/pages\/3206","og_locale":"es_MX","og_type":"article","og_title":"Weather - Ready Ventura County","og_description":"Weather Ventura County&#8217;s generally mild climate can sometimes be disrupted by extreme weather conditions. Some of these conditions include drought, extreme cold or heat, severe storms, strong winds, and even&hellip;","og_url":"https:\/\/ready.venturacounty.gov\/es\/weather\/","og_site_name":"Ready Ventura County","article_publisher":"https:\/\/www.facebook.com\/CountyOfVentura\/","article_modified_time":"2026-02-18T22:49:21+00:00","og_image":[{"url":"https:\/\/ready.venturacounty.gov\/wp-content\/uploads\/2022\/03\/emergencykit-quickclip.png","type":"","width":"","height":""}],"twitter_card":"summary_large_image","schema":{"@context":"https:\/\/schema.org","@graph":[{"@type":"WebPage","@id":"https:\/\/ready.venturacounty.gov\/weather\/","url":"https:\/\/ready.venturacounty.gov\/weather\/","name":"Weather - Ready Ventura County","isPartOf":{"@id":"https:\/\/ready.venturacounty.gov\/#website"},"primaryImageOfPage":{"@id":"https:\/\/ready.venturacounty.gov\/weather\/#primaryimage"},"image":{"@id":"https:\/\/ready.venturacounty.gov\/weather\/#primaryimage"},"thumbnailUrl":"https:\/\/ready.venturacounty.gov\/wp-content\/uploads\/2022\/03\/emergencykit-quickclip.png","datePublished":"2022-04-12T23:10:04+00:00","dateModified":"2026-02-18T22:49:21+00:00","breadcrumb":{"@id":"https:\/\/ready.venturacounty.gov\/weather\/#breadcrumb"},"inLanguage":"es-MX","potentialAction":[{"@type":"ReadAction","target":["https:\/\/ready.venturacounty.gov\/weather\/"]}]},{"@type":"ImageObject","inLanguage":"es-MX","@id":"https:\/\/ready.venturacounty.gov\/weather\/#primaryimage","url":"https:\/\/ready.venturacounty.gov\/wp-content\/uploads\/2022\/03\/emergencykit-quickclip.png","contentUrl":"https:\/\/ready.venturacounty.gov\/wp-content\/uploads\/2022\/03\/emergencykit-quickclip.png"},{"@type":"BreadcrumbList","@id":"https:\/\/ready.venturacounty.gov\/weather\/#breadcrumb","itemListElement":[{"@type":"ListItem","position":1,"name":"Home","item":"https:\/\/ready.venturacounty.gov\/"},{"@type":"ListItem","position":2,"name":"Weather"}]},{"@type":"WebSite","@id":"https:\/\/ready.venturacounty.gov\/#website","url":"https:\/\/ready.venturacounty.gov\/","name":"Listo Condado de Ventura","description":"","publisher":{"@id":"https:\/\/ready.venturacounty.gov\/#organization"},"potentialAction":[{"@type":"SearchAction","target":{"@type":"EntryPoint","urlTemplate":"https:\/\/ready.venturacounty.gov\/?s={search_term_string}"},"query-input":{"@type":"PropertyValueSpecification","valueRequired":true,"valueName":"search_term_string"}}],"inLanguage":"es-MX"},{"@type":"Organization","@id":"https:\/\/ready.venturacounty.gov\/#organization","name":"County Of Ventura","url":"https:\/\/ready.venturacounty.gov\/","logo":{"@type":"ImageObject","inLanguage":"es-MX","@id":"https:\/\/ready.venturacounty.gov\/#\/schema\/logo\/image\/","url":"https:\/\/ready.venturacounty.gov\/wp-content\/uploads\/2022\/06\/VC-Seal-Chosen_Full-Color_052522.png","contentUrl":"https:\/\/ready.venturacounty.gov\/wp-content\/uploads\/2022\/06\/VC-Seal-Chosen_Full-Color_052522.png","width":2077,"height":2087,"caption":"County Of Ventura"},"image":{"@id":"https:\/\/ready.venturacounty.gov\/#\/schema\/logo\/image\/"},"sameAs":["https:\/\/www.facebook.com\/CountyOfVentura\/"]}]}},"_links":{"self":[{"href":"https:\/\/ready.venturacounty.gov\/es\/wp-json\/wp\/v2\/pages\/3206","targetHints":{"allow":["GET"]}}],"collection":[{"href":"https:\/\/ready.venturacounty.gov\/es\/wp-json\/wp\/v2\/pages"}],"about":[{"href":"https:\/\/ready.venturacounty.gov\/es\/wp-json\/wp\/v2\/types\/page"}],"author":[{"embeddable":true,"href":"https:\/\/ready.venturacounty.gov\/es\/wp-json\/wp\/v2\/users\/1"}],"replies":[{"embeddable":true,"href":"https:\/\/ready.venturacounty.gov\/es\/wp-json\/wp\/v2\/comments?post=3206"}],"version-history":[{"count":0,"href":"https:\/\/ready.venturacounty.gov\/es\/wp-json\/wp\/v2\/pages\/3206\/revisions"}],"wp:attachment":[{"href":"https:\/\/ready.venturacounty.gov\/es\/wp-json\/wp\/v2\/media?parent=3206"}],"curies":[{"name":"wp","href":"https:\/\/api.w.org\/{rel}","templated":true}]}}