{"id":3199,"date":"2022-04-12T16:08:12","date_gmt":"2022-04-12T23:08:12","guid":{"rendered":"https:\/\/ready.venturacounty.gov\/?page_id=3199"},"modified":"2026-02-18T10:31:01","modified_gmt":"2026-02-18T18:31:01","slug":"human-caused","status":"publish","type":"page","link":"https:\/\/ready.venturacounty.gov\/es\/human-caused\/","title":{"rendered":"Causado por humanos"},"content":{"rendered":"<h1>\n\t\t\tCausado por humanos\t<\/h1>\n\t<p>Algunos desastres pueden ser causados por la interferencia humana, ya sea por accidente o intencionalmente. Algunas de estas situaciones incluyen explosiones, materiales peligrosos y terrorismo. As\u00ed es como puedes prepararte:<\/p>\n<h1>\n\t\t\tAtaques en lugares p\u00fablicos\t<\/h1>\n\t<p>Los atacantes nacionales y\/o extranjeros pueden usar armas de fuego, veh\u00edculos, explosivos y otras armas para causar bajas masivas, da\u00f1os costosos y trastornos considerables.<\/p>\n<ul>\n<li>Si ves algo, di algo. Reporte paquetes sospechosos y comportamientos extra\u00f1os a las autoridades locales.<\/li>\n<li>Sea consciente de su entorno y tenga en cuenta los lugares para esconderse y la ubicaci\u00f3n de las salidas en los lugares que frecuenta.<\/li>\n<li>Correr-ocultar-lucha. Llegar a la seguridad es la prioridad. Si puede salir del \u00e1rea, h\u00e1galo. Si no puede, busque un lugar para esconderse. Lucha s\u00f3lo como \u00faltimo recurso.<\/li>\n<li>Cuando llegue la polic\u00eda, mantenga la calma, mantenga las manos visibles y vac\u00edas y siga las instrucciones para ponerse a salvo.<\/li>\n<li>Protege tu salud mental. Si es necesario, busque ayuda para usted y sus seres queridos para sobrellevar el trauma.<\/li>\n<\/ul>\n<h1>\n\t\t\tEmisiones biol\u00f3gicas, qu\u00edmicas y radiol\u00f3gicas\t<\/h1>\n\t<p>Los agentes biol\u00f3gicos y qu\u00edmicos pueden convertirse en armas y liberarse para infligir da\u00f1o a las personas, los animales y las fuentes de alimentos.<\/p>\n<ul>\n<li>Las sustancias bacterianas generalmente toman la forma de bacterias, virus y toxinas y pueden propagarse de persona a persona, animales infectados y\/oa trav\u00e9s de part\u00edculas en el aire.<\/li>\n<li>Las sustancias qu\u00edmicas se liberan como vapores, aerosoles, l\u00edquidos y s\u00f3lidos, pero es menos probable que causen da\u00f1os masivos porque se disipan r\u00e1pidamente.<\/li>\n<li>Las emisiones radiol\u00f3gicas utilizan dispersi\u00f3n, que combina un dispositivo explosivo convencional con material radiactivo, que dispersa cantidades peligrosas y subletales de material radiactivo sobre un \u00e1rea general. En caso de impacto radiol\u00f3gico, recuerde <strong><a href=\"https:\/\/www.ready.gov\/radiation\" target=\"_blank\" rel=\"noopener\">Entra, qu\u00e9date dentro y mantente atento<\/a>.<\/strong><\/li>\n<li>Siga las \u00f3rdenes de evacuaci\u00f3n o refugio en el lugar emitidas por las autoridades locales. Si sospecha que ha estado expuesto a un agente biol\u00f3gico o qu\u00edmico, busque atenci\u00f3n m\u00e9dica de inmediato.<\/li>\n<li>Considere agregar cinta adhesiva, tijeras y l\u00e1minas de pl\u00e1stico a su equipo de emergencia para cubrir puertas, ventanas y otras fuentes de ventilaci\u00f3n, en caso de que se le pida refugiarse en el lugar.<\/li>\n<\/ul>\n<h1>\n\t\t\tDisturbios civiles\t<\/h1>\n\t<p><a href=\"https:\/\/constitution.congress.gov\/constitution\/amendment-1\/\"><strong>The First Amendment<\/strong><\/a> protects your right to assemble and petition, <em>pac\u00edficamente<\/em>. La mayor\u00eda de las veces, esas asambleas ocurren sin incidentes, pero a veces las cosas se salen de control. As\u00ed es como puedes mantener la paz.<\/p>\n<ul>\n<li>Mant\u00e9n tu humor. Toda persona tiene derecho a la libertad de expresi\u00f3n. No permita que los desacuerdos intelectuales se vuelvan f\u00edsicos.<\/li>\n<li>Si ha estallado el desorden, coopere con las autoridades. Qu\u00e9dese en casa, si es posible, y evite las \u00e1reas de preocupaci\u00f3n.<\/li>\n<li>Est\u00e9 atento a las noticias locales y consulte recursos de medios confiables de las autoridades locales.<\/li>\n<li>Si est\u00e1 atrapado en una manifestaci\u00f3n y no puede conducir de manera segura, qu\u00e9dese en su autom\u00f3vil, cuando sea posible, para protegerse.<\/li>\n<li>Si necesita salir de su casa, tome sus provisiones de emergencia y re\u00fanase con sus familiares de acuerdo con <a href=\"https:\/\/ready.venturacounty.gov\/es\/plan\/\"><strong>tu plan<\/strong><\/a>.<\/li>\n<\/ul>\n<h1>\n\t\t\tExplosi\u00f3n\t<\/h1>\n\t<p>Las explosiones pueden ser causadas por materiales o herramientas industriales, condiciones inseguras o intencionalmente.<\/p>\n<ul>\n<li>Tenga cuidado cuando trabaje con materiales industriales inestables o peligrosos. Mantener adecuadamente los aparatos y maquinaria que utilizan combustible.<\/li>\n<li>Si recibe una amenaza de bomba, mantenga la calma e intente obtener tantos detalles como sea posible sobre la apariencia, la ubicaci\u00f3n y los factores desencadenantes.<\/li>\n<li>Los paquetes misteriosos deben tratarse con precauci\u00f3n. No abra paquetes y cartas mal envueltos, con formas extra\u00f1as y\/o sin direcci\u00f3n. Vaya a un lugar seguro y avise a las autoridades locales.<\/li>\n<li>Durante cualquier parte de una explosi\u00f3n o inmediatamente despu\u00e9s de ella, busque protecci\u00f3n contra la ca\u00edda de escombros. Cuando sea seguro hacerlo, salga r\u00e1pidamente, teniendo cuidado de no da\u00f1ar los pisos y las escaleras.<\/li>\n<li><strong>Nuclear<\/strong> Las explosiones causan numerosas v\u00edctimas y da\u00f1os debido a la explosi\u00f3n inicial y la radiaci\u00f3n persistente. <strong><a href=\"https:\/\/ready.venturacounty.gov\/wp-content\/uploads\/2023\/04\/VC-Nuclear-Safety-18pp-Education-Guide-Downloadable-FINAL.pdf\" target=\"_blank\" rel=\"noopener\">haga clic aqu\u00ed<\/a><\/strong> para obtener consejos sobre c\u00f3mo protegerse a usted y a sus seres queridos en caso de una explosi\u00f3n nuclear.<\/li>\n<\/ul>\n<h1>\n\t\t\tMateriales peligrosos\t<\/h1>\n\t<p>Se pueden encontrar sustancias peligrosas en nuestros hogares, industrias y viajando a trav\u00e9s de nuestro condado por carreteras y v\u00edas f\u00e9rreas. Pueden ser sustancias qu\u00edmicas, biol\u00f3gicas, radiol\u00f3gicas o naturales. Las liberaciones y los derrames pueden tener lugar durante la producci\u00f3n, el almacenamiento, el transporte, el uso o la eliminaci\u00f3n. As\u00ed es como puede tomar medidas para estar listo:<\/p>\n<ul>\n<li>Almacene, use y deseche siempre los productos qu\u00edmicos dom\u00e9sticos o industriales de acuerdo con las instrucciones. Para obtener informaci\u00f3n sobre la eliminaci\u00f3n adecuada, <strong><a href=\"https:\/\/publicworks.venturacounty.gov\/WSD\/IWMD\/HazardousWaste\/\" target=\"_blank\" rel=\"noopener\" aria-label=\"For information on proper disposal, click here - open in a new tab\" data-uw-rm-vglnk=\"\" data-uw-rm-brl=\"PR\" data-uw-original-href=\"https:\/\/www.vcpublicworks.org\/wsd\/iwmd\/hazardouswaste\/\" data-uw-rm-ext-link=\"\">haga clic aqu\u00ed<\/a><\/strong>.<\/li>\n<li>Informe los derrames a las autoridades correspondientes. Llame al 911 para reportar un incidente con materiales peligrosos.<\/li>\n<li>Si encuentra l\u00edquidos derramados desconocidos o nieblas en el aire, c\u00fabrase la nariz y la boca y abandone el \u00e1rea.<\/li>\n<li>Siga las \u00f3rdenes de evacuaci\u00f3n o refugio en el lugar. Dependiendo de la sustancia y el clima, puede ser m\u00e1s seguro adentro. Cierre las puertas, ventanas y rejillas de ventilaci\u00f3n hasta que se d\u00e9 un visto bueno.<\/li>\n<li>Siga las instrucciones de repoblaci\u00f3n y\/o descontaminaci\u00f3n de las autoridades locales y busque tratamiento m\u00e9dico para los s\u00edntomas inusuales.<\/li>\n<\/ul>\n<h1>\n\t\t\tRecursos\t<\/h1>\n\t<p><strong><a href=\"https:\/\/ready.venturacounty.gov\/wp-content\/uploads\/2023\/04\/VC-Nuclear-Safety-18pp-Education-Guide-Downloadable-FINAL.pdf\" target=\"_blank\" rel=\"noopener\" aria-label=\"Ventura County Nuclear Safety Education Guide - open in a new tab\" data-uw-rm-ext-link=\"\" data-uw-pdf-br=\"1\" data-uw-pdf-doc=\"\">Gu\u00eda educativa sobre seguridad nuclear del condado de Ventura<\/a><\/strong><\/p>\n<p><strong><a href=\"https:\/\/www.cdc.gov\/radiation-emergencies\/index.html\" target=\"_blank\" rel=\"noopener\" data-uw-rm-brl=\"PR\" data-uw-original-href=\"https:\/\/www.cdc.gov\/radiation-emergencies\/index.html\" aria-label=\"CDC: Radiation Emergencies - open in a new tab\" data-uw-rm-ext-link=\"\">CDC: Emergencias radiol\u00f3gicas<\/a><\/strong><\/p>\n<p><strong><a href=\"https:\/\/www.ready.gov\/radiation\" data-uw-rm-brl=\"PR\" data-uw-original-href=\"https:\/\/www.ready.gov\/radiation\">Ready.gov \u2013 Emergencias por radiaci\u00f3n<\/a><\/strong><\/p>\n<p><strong><a href=\"https:\/\/ready.venturacounty.gov\/wp-content\/uploads\/2023\/04\/Infographic_Where_to_go.pdf\" data-uw-pdf-br=\"1\" data-uw-pdf-doc=\"\">Infograf\u00eda: D\u00f3nde acudir en caso de emergencia radiol\u00f3gica<\/a><\/strong><\/p>\n<p><a href=\"https:\/\/ready.venturacounty.gov\/wp-content\/uploads\/2023\/04\/infographic_where_to_go_spanish-508.cleaned.pdf\" data-uw-pdf-br=\"1\" data-uw-pdf-doc=\"\"><strong>Ad\u00f3nde Ir En Una Emergencia Por Radiaci\u00f3n<\/strong><\/a><\/p>\n<p><strong><a href=\"https:\/\/ready.venturacounty.gov\/wp-content\/uploads\/2022\/05\/National-Threat-Assessment-Center-Mass-Attacks-in-Public-Spaces-2018.pdf\" target=\"_blank\" rel=\"noopener\" aria-label=\"National Threat Assessment Center Study - open in a new tab\" data-uw-rm-ext-link=\"\" data-uw-pdf-br=\"1\" data-uw-pdf-doc=\"\">Estudio del Centro Nacional de Evaluaci\u00f3n de Amenazas<\/a><\/strong><\/p>\n<p><strong><a href=\"https:\/\/www.ready.gov\/\" target=\"_blank\" rel=\"noopener\" data-uw-rm-brl=\"PR\" data-uw-original-href=\"https:\/\/www.ready.gov\/\" aria-label=\"Ready.gov - open in a new tab\" data-uw-rm-ext-link=\"\">Listo.gov<\/a><\/strong><\/p>\n<p><strong><a href=\"https:\/\/www.dhs.gov\/national-terrorism-advisory-system\" target=\"_blank\" rel=\"noopener\" data-uw-rm-brl=\"PR\" data-uw-original-href=\"https:\/\/www.dhs.gov\/national-terrorism-advisory-system\" aria-label=\"Homeland Security Advisory System - open in a new tab\" data-uw-rm-ext-link=\"\">Sistema de Asesoramiento de Seguridad Nacional<\/a><\/strong><\/p>\n<p><strong><a href=\"http:\/\/jric.org\/default.aspx?AspxAutoDetectCookieSupport=1\" target=\"_blank\" rel=\"noopener\" data-uw-rm-brl=\"PR\" data-uw-original-href=\"http:\/\/jric.org\/default.aspx?AspxAutoDetectCookieSupport=1\" aria-label=\"Joint Regional Intelligence Center (JRIC) - open in a new tab\" data-uw-rm-ext-link=\"\">Centro Regional Conjunto de Inteligencia (JRIC)<\/a><\/strong><\/p>\n<p><strong><a href=\"https:\/\/ready.venturacounty.gov\/wp-content\/uploads\/2022\/08\/FINAL-ENGLISH-WEB-PDF-VERSION-AS-Guide_ENG_2022-07_WEB.pdf\" target=\"_blank\" rel=\"noopener\" aria-label=\"Active Shooter Guide for People with Disabilities - open in a new tab\" data-uw-rm-ext-link=\"\" data-uw-pdf-br=\"1\" data-uw-pdf-doc=\"\">Gu\u00eda de tirador activo para personas con discapacidad<\/a><\/strong><\/p>\n<p><strong><a href=\"https:\/\/ready.venturacounty.gov\/wp-content\/uploads\/2022\/08\/FINAL-WEB-PDF-VERSION-AS-Guide_SPANISH_2022-07_WEB.pdf\" target=\"_blank\" rel=\"noopener\" aria-label=\"Gu\u00eda de tirador activo para personas con discapacidades - open in a new tab\" data-uw-rm-ext-link=\"\" data-uw-pdf-br=\"1\" data-uw-pdf-doc=\"\">Gu\u00eda de tirador activo para personas con discapacidad<\/a><\/strong><\/p>\n<p><a href=\"https:\/\/publicworks.venturacounty.gov\/WSD\/IWMD\/HazardousWaste\/\" target=\"_blank\" rel=\"noopener\" data-uw-rm-brl=\"PR\" data-uw-original-href=\"https:\/\/www.vcpublicworks.org\/wsd\/iwmd\/hazardouswaste\/\" aria-label=\"Household Hazardous Waste - open in a new tab\" data-uw-rm-ext-link=\"\"><strong>Residuos dom\u00e9sticos peligrosos<\/strong><\/a><\/p>\n<h2>\n\t\t\tSi ves algo,\t<\/h2>\n<h1>\n\t\t\tHacer algo.\t<\/h1>\n\t<p>Seg\u00fan informes recientes del Centro Nacional de Evaluaci\u00f3n de Amenazas, las personas que llevaron a cabo ataques p\u00fablicos ten\u00edan similitudes, como p\u00e9rdidas personales o financieras recientes, problemas en el trabajo o la escuela y\/o contacto con las fuerzas del orden. La mayor\u00eda de estos perpetradores tambi\u00e9n generaron cierta preocupaci\u00f3n por parte de otros antes del ataque. La intervenci\u00f3n temprana puede resultar en la prevenci\u00f3n. Si observa comportamientos, comunicaciones o acciones preocupantes de familiares, amigos, conocidos o incluso extra\u00f1os, solicite ayuda a las autoridades locales o agencias de salud conductual.<\/p>\n<h2>\n\t\t\tEl condado de Ventura apoya a las v\u00edctimas y familias de la tragedia l\u00edmite el 8 de noviembre de 2018.\t<\/h2>\n<figure itemscope itemtype=\"https:\/\/schema.org\/ImageObject\">\n\t\t\t\t<img decoding=\"async\" src=\"https:\/\/ready.venturacounty.gov\/wp-content\/uploads\/2022\/04\/5936ec_a123977288ad4b4096bc2faea0975817_mv2.png\" alt=\"We Are Borderline Strong\" height=\"924\" width=\"2296\" onerror=\"this.style.display='none'\" loading=\"lazy\" \/>\n\t<\/figure>\n<figure data-animation-delay=\"0\" data-animation-duration=\"2\" itemscope itemtype=\"https:\/\/schema.org\/ImageObject\">\n\t\t\t\t<img decoding=\"async\" src=\"https:\/\/ready.venturacounty.gov\/wp-content\/uploads\/2022\/03\/emergencykit-quickclip.png\" alt=\"Emergency Kit\" height=\"1190\" width=\"1500\" onerror=\"this.style.display='none'\" loading=\"lazy\" \/>\n\t<\/figure>\n\t\t<h2>\n\t\t\tComience con su kit de emergencia\n\t\t<\/h2>\n\t<p>\u00a1No espere hasta que ocurra una emergencia, cuando sea demasiado tarde! Ready Ventura County le facilita la creaci\u00f3n de un kit adecuado para su hogar. Utilice nuestro generador de planes para comenzar hoy.<\/p>\n\t\t\t<a href=\"https:\/\/ready.venturacounty.gov\/es\/prepare\/\"  target=\"_self\">\n\t\t\t\t\t\t\tCONSTRUYE TU EQUIPO\n\t\t\t\t\t<\/a>","protected":false},"excerpt":{"rendered":"<p>Causado por el hombre Algunos desastres pueden ser causados por la interferencia humana, ya sea por accidente o intencionadamente. Algunas de estas situaciones incluyen explosiones, materiales peligrosos y terrorismo. As\u00ed es como puedes prepararte: Ataques...<\/p>","protected":false},"author":1,"featured_media":0,"parent":0,"menu_order":0,"comment_status":"closed","ping_status":"closed","template":"","meta":{"footnotes":""},"class_list":["post-3199","page","type-page","status-publish","hentry"],"yoast_head":"<!-- This site is optimized with the Yoast SEO plugin v27.5 - https:\/\/yoast.com\/product\/yoast-seo-wordpress\/ -->\n<title>Human-Caused - Ready Ventura County<\/title>\n<meta name=\"robots\" content=\"index, follow, max-snippet:-1, max-image-preview:large, max-video-preview:-1\" \/>\n<link rel=\"canonical\" href=\"https:\/\/ready.venturacounty.gov\/es\/wp-json\/wp\/v2\/pages\/3199\" \/>\n<meta property=\"og:locale\" content=\"es_MX\" \/>\n<meta property=\"og:type\" content=\"article\" \/>\n<meta property=\"og:title\" content=\"Human-Caused - Ready Ventura County\" \/>\n<meta property=\"og:description\" content=\"Human-Caused Some disasters may be caused by human interference, either by accident or intention. Some of these situations include explosions, hazardous materials, and terrorism. Here&#8217;s how you can prepare: Attacks&hellip;\" \/>\n<meta property=\"og:url\" content=\"https:\/\/ready.venturacounty.gov\/es\/human-caused\/\" \/>\n<meta property=\"og:site_name\" content=\"Ready Ventura County\" \/>\n<meta property=\"article:publisher\" content=\"https:\/\/www.facebook.com\/CountyOfVentura\/\" \/>\n<meta property=\"article:modified_time\" content=\"2026-02-18T18:31:01+00:00\" \/>\n<meta property=\"og:image\" content=\"https:\/\/ready.venturacounty.gov\/wp-content\/uploads\/2022\/04\/5936ec_a123977288ad4b4096bc2faea0975817_mv2.png\" \/>\n<meta name=\"twitter:card\" content=\"summary_large_image\" \/>\n<meta name=\"twitter:label1\" content=\"Tiempo de lectura\" \/>\n\t<meta name=\"twitter:data1\" content=\"2 minutos\" \/>\n<script type=\"application\/ld+json\" class=\"yoast-schema-graph\">{\"@context\":\"https:\\\/\\\/schema.org\",\"@graph\":[{\"@type\":\"WebPage\",\"@id\":\"https:\\\/\\\/ready.venturacounty.gov\\\/human-caused\\\/\",\"url\":\"https:\\\/\\\/ready.venturacounty.gov\\\/human-caused\\\/\",\"name\":\"Human-Caused - Ready Ventura County\",\"isPartOf\":{\"@id\":\"https:\\\/\\\/ready.venturacounty.gov\\\/#website\"},\"primaryImageOfPage\":{\"@id\":\"https:\\\/\\\/ready.venturacounty.gov\\\/human-caused\\\/#primaryimage\"},\"image\":{\"@id\":\"https:\\\/\\\/ready.venturacounty.gov\\\/human-caused\\\/#primaryimage\"},\"thumbnailUrl\":\"https:\\\/\\\/ready.venturacounty.gov\\\/wp-content\\\/uploads\\\/2022\\\/04\\\/5936ec_a123977288ad4b4096bc2faea0975817_mv2.png\",\"datePublished\":\"2022-04-12T23:08:12+00:00\",\"dateModified\":\"2026-02-18T18:31:01+00:00\",\"breadcrumb\":{\"@id\":\"https:\\\/\\\/ready.venturacounty.gov\\\/human-caused\\\/#breadcrumb\"},\"inLanguage\":\"es-MX\",\"potentialAction\":[{\"@type\":\"ReadAction\",\"target\":[\"https:\\\/\\\/ready.venturacounty.gov\\\/human-caused\\\/\"]}]},{\"@type\":\"ImageObject\",\"inLanguage\":\"es-MX\",\"@id\":\"https:\\\/\\\/ready.venturacounty.gov\\\/human-caused\\\/#primaryimage\",\"url\":\"https:\\\/\\\/ready.venturacounty.gov\\\/wp-content\\\/uploads\\\/2022\\\/04\\\/5936ec_a123977288ad4b4096bc2faea0975817_mv2.png\",\"contentUrl\":\"https:\\\/\\\/ready.venturacounty.gov\\\/wp-content\\\/uploads\\\/2022\\\/04\\\/5936ec_a123977288ad4b4096bc2faea0975817_mv2.png\"},{\"@type\":\"BreadcrumbList\",\"@id\":\"https:\\\/\\\/ready.venturacounty.gov\\\/human-caused\\\/#breadcrumb\",\"itemListElement\":[{\"@type\":\"ListItem\",\"position\":1,\"name\":\"Home\",\"item\":\"https:\\\/\\\/ready.venturacounty.gov\\\/\"},{\"@type\":\"ListItem\",\"position\":2,\"name\":\"Human-Caused\"}]},{\"@type\":\"WebSite\",\"@id\":\"https:\\\/\\\/ready.venturacounty.gov\\\/#website\",\"url\":\"https:\\\/\\\/ready.venturacounty.gov\\\/\",\"name\":\"Ready Ventura County\",\"description\":\"\",\"publisher\":{\"@id\":\"https:\\\/\\\/ready.venturacounty.gov\\\/#organization\"},\"potentialAction\":[{\"@type\":\"SearchAction\",\"target\":{\"@type\":\"EntryPoint\",\"urlTemplate\":\"https:\\\/\\\/ready.venturacounty.gov\\\/?s={search_term_string}\"},\"query-input\":{\"@type\":\"PropertyValueSpecification\",\"valueRequired\":true,\"valueName\":\"search_term_string\"}}],\"inLanguage\":\"es-MX\"},{\"@type\":\"Organization\",\"@id\":\"https:\\\/\\\/ready.venturacounty.gov\\\/#organization\",\"name\":\"County Of Ventura\",\"url\":\"https:\\\/\\\/ready.venturacounty.gov\\\/\",\"logo\":{\"@type\":\"ImageObject\",\"inLanguage\":\"es-MX\",\"@id\":\"https:\\\/\\\/ready.venturacounty.gov\\\/#\\\/schema\\\/logo\\\/image\\\/\",\"url\":\"https:\\\/\\\/ready.venturacounty.gov\\\/wp-content\\\/uploads\\\/2022\\\/06\\\/VC-Seal-Chosen_Full-Color_052522.png\",\"contentUrl\":\"https:\\\/\\\/ready.venturacounty.gov\\\/wp-content\\\/uploads\\\/2022\\\/06\\\/VC-Seal-Chosen_Full-Color_052522.png\",\"width\":2077,\"height\":2087,\"caption\":\"County Of Ventura\"},\"image\":{\"@id\":\"https:\\\/\\\/ready.venturacounty.gov\\\/#\\\/schema\\\/logo\\\/image\\\/\"},\"sameAs\":[\"https:\\\/\\\/www.facebook.com\\\/CountyOfVentura\\\/\"]}]}<\/script>\n<!-- \/ Yoast SEO plugin. -->","yoast_head_json":{"title":"Human-Caused - Ready Ventura County","robots":{"index":"index","follow":"follow","max-snippet":"max-snippet:-1","max-image-preview":"max-image-preview:large","max-video-preview":"max-video-preview:-1"},"canonical":"https:\/\/ready.venturacounty.gov\/es\/wp-json\/wp\/v2\/pages\/3199","og_locale":"es_MX","og_type":"article","og_title":"Human-Caused - Ready Ventura County","og_description":"Human-Caused Some disasters may be caused by human interference, either by accident or intention. Some of these situations include explosions, hazardous materials, and terrorism. Here&#8217;s how you can prepare: Attacks&hellip;","og_url":"https:\/\/ready.venturacounty.gov\/es\/human-caused\/","og_site_name":"Ready Ventura County","article_publisher":"https:\/\/www.facebook.com\/CountyOfVentura\/","article_modified_time":"2026-02-18T18:31:01+00:00","og_image":[{"url":"https:\/\/ready.venturacounty.gov\/wp-content\/uploads\/2022\/04\/5936ec_a123977288ad4b4096bc2faea0975817_mv2.png","type":"","width":"","height":""}],"twitter_card":"summary_large_image","twitter_misc":{"Tiempo de lectura":"2 minutos"},"schema":{"@context":"https:\/\/schema.org","@graph":[{"@type":"WebPage","@id":"https:\/\/ready.venturacounty.gov\/human-caused\/","url":"https:\/\/ready.venturacounty.gov\/human-caused\/","name":"Human-Caused - Ready Ventura County","isPartOf":{"@id":"https:\/\/ready.venturacounty.gov\/#website"},"primaryImageOfPage":{"@id":"https:\/\/ready.venturacounty.gov\/human-caused\/#primaryimage"},"image":{"@id":"https:\/\/ready.venturacounty.gov\/human-caused\/#primaryimage"},"thumbnailUrl":"https:\/\/ready.venturacounty.gov\/wp-content\/uploads\/2022\/04\/5936ec_a123977288ad4b4096bc2faea0975817_mv2.png","datePublished":"2022-04-12T23:08:12+00:00","dateModified":"2026-02-18T18:31:01+00:00","breadcrumb":{"@id":"https:\/\/ready.venturacounty.gov\/human-caused\/#breadcrumb"},"inLanguage":"es-MX","potentialAction":[{"@type":"ReadAction","target":["https:\/\/ready.venturacounty.gov\/human-caused\/"]}]},{"@type":"ImageObject","inLanguage":"es-MX","@id":"https:\/\/ready.venturacounty.gov\/human-caused\/#primaryimage","url":"https:\/\/ready.venturacounty.gov\/wp-content\/uploads\/2022\/04\/5936ec_a123977288ad4b4096bc2faea0975817_mv2.png","contentUrl":"https:\/\/ready.venturacounty.gov\/wp-content\/uploads\/2022\/04\/5936ec_a123977288ad4b4096bc2faea0975817_mv2.png"},{"@type":"BreadcrumbList","@id":"https:\/\/ready.venturacounty.gov\/human-caused\/#breadcrumb","itemListElement":[{"@type":"ListItem","position":1,"name":"Home","item":"https:\/\/ready.venturacounty.gov\/"},{"@type":"ListItem","position":2,"name":"Human-Caused"}]},{"@type":"WebSite","@id":"https:\/\/ready.venturacounty.gov\/#website","url":"https:\/\/ready.venturacounty.gov\/","name":"Listo Condado de Ventura","description":"","publisher":{"@id":"https:\/\/ready.venturacounty.gov\/#organization"},"potentialAction":[{"@type":"SearchAction","target":{"@type":"EntryPoint","urlTemplate":"https:\/\/ready.venturacounty.gov\/?s={search_term_string}"},"query-input":{"@type":"PropertyValueSpecification","valueRequired":true,"valueName":"search_term_string"}}],"inLanguage":"es-MX"},{"@type":"Organization","@id":"https:\/\/ready.venturacounty.gov\/#organization","name":"County Of Ventura","url":"https:\/\/ready.venturacounty.gov\/","logo":{"@type":"ImageObject","inLanguage":"es-MX","@id":"https:\/\/ready.venturacounty.gov\/#\/schema\/logo\/image\/","url":"https:\/\/ready.venturacounty.gov\/wp-content\/uploads\/2022\/06\/VC-Seal-Chosen_Full-Color_052522.png","contentUrl":"https:\/\/ready.venturacounty.gov\/wp-content\/uploads\/2022\/06\/VC-Seal-Chosen_Full-Color_052522.png","width":2077,"height":2087,"caption":"County Of Ventura"},"image":{"@id":"https:\/\/ready.venturacounty.gov\/#\/schema\/logo\/image\/"},"sameAs":["https:\/\/www.facebook.com\/CountyOfVentura\/"]}]}},"_links":{"self":[{"href":"https:\/\/ready.venturacounty.gov\/es\/wp-json\/wp\/v2\/pages\/3199","targetHints":{"allow":["GET"]}}],"collection":[{"href":"https:\/\/ready.venturacounty.gov\/es\/wp-json\/wp\/v2\/pages"}],"about":[{"href":"https:\/\/ready.venturacounty.gov\/es\/wp-json\/wp\/v2\/types\/page"}],"author":[{"embeddable":true,"href":"https:\/\/ready.venturacounty.gov\/es\/wp-json\/wp\/v2\/users\/1"}],"replies":[{"embeddable":true,"href":"https:\/\/ready.venturacounty.gov\/es\/wp-json\/wp\/v2\/comments?post=3199"}],"version-history":[{"count":0,"href":"https:\/\/ready.venturacounty.gov\/es\/wp-json\/wp\/v2\/pages\/3199\/revisions"}],"wp:attachment":[{"href":"https:\/\/ready.venturacounty.gov\/es\/wp-json\/wp\/v2\/media?parent=3199"}],"curies":[{"name":"wp","href":"https:\/\/api.w.org\/{rel}","templated":true}]}}