{"id":3198,"date":"2022-04-12T16:08:00","date_gmt":"2022-04-12T23:08:00","guid":{"rendered":"https:\/\/ready.venturacounty.gov\/?page_id=3198"},"modified":"2026-02-18T13:57:36","modified_gmt":"2026-02-18T21:57:36","slug":"flood","status":"publish","type":"page","link":"https:\/\/ready.venturacounty.gov\/es\/flood\/","title":{"rendered":"Inundaci\u00f3n"},"content":{"rendered":"<h1>\n\t\t\tInundaci\u00f3n\t<\/h1>\n\t<p>Los residentes del condado de Ventura generalmente disfrutan de un clima caracterizado por veranos secos con poca o ninguna precipitaci\u00f3n e inviernos templados y h\u00famedos. Sin embargo, no es raro que las tormentas de invierno traigan lluvias excesivas y provoquen inundaciones. Las inundaciones ocurren cuando las aguas pluviales se desbordan de sus salidas habituales, creando condiciones peligrosas y da\u00f1os. As\u00ed es como puede estar preparado:<\/p>\n<h5  data-animation-delay=\"0\" data-animation-duration=\"1\">\n\t\t\t5\t<\/h5>\n<h2>\n\t\t\tCinco maneras de\t<\/h2>\n<h1>\n\t\t\tMantente LISTO\t<\/h1>\n\t<ul>\n\t\t\t<li>\n\t\t\t\t1 Determina si est\u00e1s en un <strong><a href=\"https:\/\/experience.arcgis.com\/experience\/f3abbf7ed4624a81ab6238fee0caee26\/page\/Flood-Hazard\/\" target=\"_blank\" rel=\"noopener\">Zona de inundacion<\/a><\/strong>.\n\t\t\t<\/li>\n\t\t\t<li>\n\t\t\t\t2 Est\u00e9 atento a los informes meteorol\u00f3gicos del <strong><a href=\"https:\/\/www.weather.gov\/lox\/\" target=\"_blank\" rel=\"noopener\">Servicio Meteorol\u00f3gico Nacional<\/a><\/strong> o sigue <a href=\"https:\/\/twitter.com\/NWSLosAngeles?s=20&amp;t=wujvTEH0Nyxu4h8X-URV_Q\" target=\"_blank\" rel=\"noopener\">Gorjeo<\/a>.\n\t\t\t<\/li>\n\t\t\t<li>\n\t\t\t\t3 Ay\u00fadanos a ayudarte. Conoce la diferencia entre un <strong><a href=\"https:\/\/www.weather.gov\/safety\/flood-watch-warning\" target=\"_blank\" rel=\"noopener\">Alerta, Vigilancia o Aviso de Inundaci\u00f3n<\/a><\/strong>, y tome las medidas apropiadas.\n\t\t\t<\/li>\n\t\t\t<li>\n\t\t\t\t4 Tener un <a href=\"https:\/\/ready.venturacounty.gov\/es\/plan\/\"><strong>Plan de Emergencia Familiar<\/strong><\/a>, incluyendo comunicaciones y evacuaciones. Incluya amigos y vecinos que puedan necesitar ayuda.\n\t\t\t<\/li>\n\t\t\t<li>\n\t\t\t\t5 Prepare una bolsa de viaje para cada miembro de la familia. <a href=\"https:\/\/ready.venturacounty.gov\/es\/prepare\/\"><strong>haga clic aqu\u00ed<\/strong><\/a> para obtener una lista de art\u00edculos recomendados.\n\t\t\t<\/li>\n\t\t<\/ul>\n<h2>\n\t\t\tCuatro formas de\t<\/h2>\n<h1>\n\t\t\tSalvar el dia\t<\/h1>\n\t<ul>\n\t\t\t<li>\n\t\t\t\t1 Supervise los informes meteorol\u00f3gicos locales. Mu\u00e9vase a un terreno m\u00e1s alto y lejos de las \u00e1reas propensas a inundaciones.\n\t\t\t<\/li>\n\t\t\t<li>\n\t\t\t\t2 Sea consciente de los niveles de agua en arroyos, canales de drenaje, ca\u00f1ones y otras \u00e1reas donde las inundaciones son comunes.\n\t\t\t<\/li>\n\t\t\t<li>\n\t\t\t\t3 Evite conducir o caminar en \u00e1reas inundadas. Abandone los veh\u00edculos y mu\u00e9vase a un terreno m\u00e1s alto, si es posible.\n\t\t\t<\/li>\n\t\t\t<li>\n\t\t\t\t4 Sepa a d\u00f3nde acudir. Visitar <strong><a href=\"https:\/\/emergency.venturacounty.gov\/\" target=\"_blank\" rel=\"noopener\">vcemergency.com<\/a><\/strong> para obtener informaci\u00f3n confiable y oportuna sobre desastres.\n\t\t\t<\/li>\n\t\t<\/ul>\n<h5  data-animation-delay=\"0\" data-animation-duration=\"1\">\n\t\t\t4\t<\/h5>\n<h5  data-animation-delay=\"0\" data-animation-duration=\"1\">\n\t\t\t3\t<\/h5>\n<h2>\n\t\t\tTres cosas para\t<\/h2>\n<h1>\n\t\t\tSaber\t<\/h1>\n\t<ul>\n\t\t\t<li>\n\t\t\t\t1 El local<strong> <a href=\"https:\/\/fire.venturacounty.gov\/sandbag-stations\/\" target=\"_blank\" rel=\"noopener\">estaciones de bomberos VCFD<\/a><\/strong> mantiene suministros de sacos de arena a mano para ayudarlo a proteger su propiedad de las inundaciones.\n\t\t\t<\/li>\n\t\t\t<li>\n\t\t\t\t2 Tenga cuidado con las \u00e1reas quemadas recientemente, ya que el suelo resiste la absorci\u00f3n de agua y puede ser m\u00e1s propenso a inundaciones que antes.\n\t\t\t<\/li>\n\t\t\t<li>\n\t\t\t\t3 Los eventos de El Ni\u00f1o generalmente traen temperaturas oce\u00e1nicas inusualmente c\u00e1lidas y un aumento de las precipitaciones estacionales.\n\t\t\t<\/li>\n\t\t<\/ul>\n<h2>\n\t\t\tDos cosas para\t<\/h2>\n<h1>\n\t\t\tTranquiliza tu mente\t<\/h1>\n\t<ul>\n\t\t\t<li>\n\t\t\t\t1 La Agencia de Obras P\u00fablicas del Condado de Ventura-Protecci\u00f3n de Cuencas mantiene <strong><a href=\"https:\/\/publicworks.venturacounty.gov\/wp\/watersheds\/\" target=\"_blank\" rel=\"noopener\">instalaciones de control de inundaciones<\/a><\/strong>.\n\t\t\t<\/li>\n\t\t\t<li>\n\t\t\t\t2 Tenemos un <strong><a href=\"https:\/\/hydrology.venturacounty.gov\/fws\/reports\/rain-season-report\" target=\"_blank\" rel=\"noopener\">sistema de alerta de inundaciones<\/a><\/strong>! Los pluvi\u00f3metros y los medidores de corriente en todo el condado monitorean posibles inundaciones.\n\t\t\t<\/li>\n\t\t<\/ul>\n<h5  data-animation-delay=\"0\" data-animation-duration=\"1\">\n\t\t\t2\t<\/h5>\n<h5  data-animation-delay=\"0\" data-animation-duration=\"1\">\n\t\t\t1\t<\/h5>\n<h2>\n\t\t\tUna pregunta para hacerse\t<\/h2>\n<h1>\n\t\t\tAhora mismo\t<\/h1>\n\t<ul>\n\t\t\t<li>\n\t\t\t\t1 \u00bfC\u00f3mo podr\u00eda una inundaci\u00f3n afectar mi \u00e1rea? Consulte nuestro mapa de historias de inundaciones personalizable <strong><a href=\"https:\/\/experience.arcgis.com\/experience\/f3abbf7ed4624a81ab6238fee0caee26\/page\/Flood-Hazard\/\" target=\"_blank\" rel=\"noopener\">aqu\u00ed<\/a><\/strong>.\n\t\t\t<\/li>\n\t\t<\/ul>\n<h1>\n\t\t\tRecursos\t<\/h1>\n\t<p><a href=\"https:\/\/ready.venturacounty.gov\/wp-content\/uploads\/2024\/12\/VCFD-Ready-Set-Go-Booklet-EN-Digital.pdf\" target=\"_blank\" rel=\"noopener\"><strong>\u00a1Preparados, listos, ya!\u00a0<\/strong><\/a><\/p>\n<p><a href=\"https:\/\/ready.venturacounty.gov\/wp-content\/uploads\/2024\/12\/VCFD-Ready-Set-Go-Booklet-SP-Digital.pdf\" target=\"_blank\" rel=\"noopener\"><strong>\u00a1Preparados, listos, ya!<\/strong><\/a><\/p>\n<p><strong><a href=\"https:\/\/floodinfo.venturacounty.gov\/\" target=\"_blank\" rel=\"noopener\">Informaci\u00f3n de preparaci\u00f3n para inundaciones<\/a><\/strong><\/p>\n<p><strong><a href=\"https:\/\/ready.venturacounty.gov\/wp-content\/uploads\/2022\/05\/RSG_Flood-Preparation_web_sp.pdf\" target=\"_blank\" rel=\"noopener\">\u00a1En Sus Marcas, Listos, Fuera!- Inundaci\u00f3n<\/a><\/strong><\/p>\n<p><strong><a href=\"https:\/\/vcportal.venturacounty.gov\/BOS\/District2\/ErosionControlBooklet.pdf\" target=\"_blank\" rel=\"noopener\">Homeowners Guide for Flood, Debris and Erosion Control<\/a><\/strong><\/p>\n<p><strong><a href=\"https:\/\/www.weather.gov\/safety\/flood-turn-around-dont-drown\" target=\"_blank\" rel=\"noopener\">Date la vuelta, no te ahogues\u00ae<\/a><\/strong><\/p>\n<p><strong><a href=\"https:\/\/myhazards.caloes.ca.gov\/\" target=\"_blank\" rel=\"noopener\">CalOES Mis Peligros<\/a><\/strong><\/p>\n<h1>\n\t\t\t\u00bfSab\u00edas?\t<\/h1>\n<h2>\n\t\t\tPuede realizar un seguimiento de las tasas de precipitaci\u00f3n en su \u00e1rea.\t<\/h2>\n\t<p>Hacer clic <strong><a href=\"https:\/\/hydrology.venturacounty.gov\/fws\/rain-map\/\" target=\"_blank\" rel=\"noopener\">aqu\u00ed<\/a><\/strong> para los \u00faltimos hidrodatos.<\/p>\n<figure data-animation-delay=\"0\" data-animation-duration=\"2\" itemscope itemtype=\"https:\/\/schema.org\/ImageObject\">\n\t\t\t\t<img decoding=\"async\" src=\"https:\/\/ready.venturacounty.gov\/wp-content\/uploads\/2022\/03\/emergencykit-quickclip.png\" alt=\"Emergency Kit\" height=\"1190\" width=\"1500\" onerror=\"this.style.display='none'\" loading=\"lazy\" \/>\n\t<\/figure>\n\t\t<h2>\n\t\t\tComience con su kit de emergencia\n\t\t<\/h2>\n\t<p>\u00a1No espere hasta que ocurra una emergencia, cuando sea demasiado tarde! Ready Ventura County le facilita la creaci\u00f3n de un kit adecuado para su hogar. Utilice nuestro generador de planes para comenzar hoy.<\/p>\n\t\t\t<a href=\"https:\/\/ready.venturacounty.gov\/es\/prepare\/\"  target=\"_self\">\n\t\t\t\t\t\t\tCONSTRUYE TU EQUIPO\n\t\t\t\t\t<\/a>","protected":false},"excerpt":{"rendered":"<p>Los residentes del condado de Flood Ventura generalmente disfrutan de un clima caracterizado por veranos secos con poca o ninguna precipitaci\u00f3n e inviernos suaves y h\u00famedos. Sin embargo, no es raro que haya tormentas invernales\u2026<\/p>","protected":false},"author":1,"featured_media":0,"parent":0,"menu_order":0,"comment_status":"closed","ping_status":"closed","template":"","meta":{"footnotes":""},"class_list":["post-3198","page","type-page","status-publish","hentry"],"yoast_head":"<!-- This site is optimized with the Yoast SEO plugin v27.3 - https:\/\/yoast.com\/product\/yoast-seo-wordpress\/ -->\n<title>Flood - Ready Ventura County<\/title>\n<meta name=\"robots\" content=\"index, follow, max-snippet:-1, max-image-preview:large, max-video-preview:-1\" \/>\n<link rel=\"canonical\" href=\"https:\/\/ready.venturacounty.gov\/es\/wp-json\/wp\/v2\/pages\/3198\" \/>\n<meta property=\"og:locale\" content=\"es_MX\" \/>\n<meta property=\"og:type\" content=\"article\" \/>\n<meta property=\"og:title\" content=\"Flood - Ready Ventura County\" \/>\n<meta property=\"og:description\" content=\"Flood Ventura County residents generally enjoy a climate characterized by dry summers with little to no precipitation, and mild and wet winters. However, it is not uncommon for winter storms&hellip;\" \/>\n<meta property=\"og:url\" content=\"https:\/\/ready.venturacounty.gov\/es\/flood\/\" \/>\n<meta property=\"og:site_name\" content=\"Ready Ventura County\" \/>\n<meta property=\"article:publisher\" content=\"https:\/\/www.facebook.com\/CountyOfVentura\/\" \/>\n<meta property=\"article:modified_time\" content=\"2026-02-18T21:57:36+00:00\" \/>\n<meta property=\"og:image\" content=\"https:\/\/ready.venturacounty.gov\/wp-content\/uploads\/2022\/03\/emergencykit-quickclip.png\" \/>\n<meta name=\"twitter:card\" content=\"summary_large_image\" \/>\n<script type=\"application\/ld+json\" class=\"yoast-schema-graph\">{\"@context\":\"https:\\\/\\\/schema.org\",\"@graph\":[{\"@type\":\"WebPage\",\"@id\":\"https:\\\/\\\/ready.venturacounty.gov\\\/flood\\\/\",\"url\":\"https:\\\/\\\/ready.venturacounty.gov\\\/flood\\\/\",\"name\":\"Flood - Ready Ventura County\",\"isPartOf\":{\"@id\":\"https:\\\/\\\/ready.venturacounty.gov\\\/#website\"},\"primaryImageOfPage\":{\"@id\":\"https:\\\/\\\/ready.venturacounty.gov\\\/flood\\\/#primaryimage\"},\"image\":{\"@id\":\"https:\\\/\\\/ready.venturacounty.gov\\\/flood\\\/#primaryimage\"},\"thumbnailUrl\":\"https:\\\/\\\/ready.venturacounty.gov\\\/wp-content\\\/uploads\\\/2022\\\/03\\\/emergencykit-quickclip.png\",\"datePublished\":\"2022-04-12T23:08:00+00:00\",\"dateModified\":\"2026-02-18T21:57:36+00:00\",\"breadcrumb\":{\"@id\":\"https:\\\/\\\/ready.venturacounty.gov\\\/flood\\\/#breadcrumb\"},\"inLanguage\":\"es-MX\",\"potentialAction\":[{\"@type\":\"ReadAction\",\"target\":[\"https:\\\/\\\/ready.venturacounty.gov\\\/flood\\\/\"]}]},{\"@type\":\"ImageObject\",\"inLanguage\":\"es-MX\",\"@id\":\"https:\\\/\\\/ready.venturacounty.gov\\\/flood\\\/#primaryimage\",\"url\":\"https:\\\/\\\/ready.venturacounty.gov\\\/wp-content\\\/uploads\\\/2022\\\/03\\\/emergencykit-quickclip.png\",\"contentUrl\":\"https:\\\/\\\/ready.venturacounty.gov\\\/wp-content\\\/uploads\\\/2022\\\/03\\\/emergencykit-quickclip.png\"},{\"@type\":\"BreadcrumbList\",\"@id\":\"https:\\\/\\\/ready.venturacounty.gov\\\/flood\\\/#breadcrumb\",\"itemListElement\":[{\"@type\":\"ListItem\",\"position\":1,\"name\":\"Home\",\"item\":\"https:\\\/\\\/ready.venturacounty.gov\\\/\"},{\"@type\":\"ListItem\",\"position\":2,\"name\":\"Flood\"}]},{\"@type\":\"WebSite\",\"@id\":\"https:\\\/\\\/ready.venturacounty.gov\\\/#website\",\"url\":\"https:\\\/\\\/ready.venturacounty.gov\\\/\",\"name\":\"Ready Ventura County\",\"description\":\"\",\"publisher\":{\"@id\":\"https:\\\/\\\/ready.venturacounty.gov\\\/#organization\"},\"potentialAction\":[{\"@type\":\"SearchAction\",\"target\":{\"@type\":\"EntryPoint\",\"urlTemplate\":\"https:\\\/\\\/ready.venturacounty.gov\\\/?s={search_term_string}\"},\"query-input\":{\"@type\":\"PropertyValueSpecification\",\"valueRequired\":true,\"valueName\":\"search_term_string\"}}],\"inLanguage\":\"es-MX\"},{\"@type\":\"Organization\",\"@id\":\"https:\\\/\\\/ready.venturacounty.gov\\\/#organization\",\"name\":\"County Of Ventura\",\"url\":\"https:\\\/\\\/ready.venturacounty.gov\\\/\",\"logo\":{\"@type\":\"ImageObject\",\"inLanguage\":\"es-MX\",\"@id\":\"https:\\\/\\\/ready.venturacounty.gov\\\/#\\\/schema\\\/logo\\\/image\\\/\",\"url\":\"https:\\\/\\\/ready.venturacounty.gov\\\/wp-content\\\/uploads\\\/2022\\\/06\\\/VC-Seal-Chosen_Full-Color_052522.png\",\"contentUrl\":\"https:\\\/\\\/ready.venturacounty.gov\\\/wp-content\\\/uploads\\\/2022\\\/06\\\/VC-Seal-Chosen_Full-Color_052522.png\",\"width\":2077,\"height\":2087,\"caption\":\"County Of Ventura\"},\"image\":{\"@id\":\"https:\\\/\\\/ready.venturacounty.gov\\\/#\\\/schema\\\/logo\\\/image\\\/\"},\"sameAs\":[\"https:\\\/\\\/www.facebook.com\\\/CountyOfVentura\\\/\"]}]}<\/script>\n<!-- \/ Yoast SEO plugin. -->","yoast_head_json":{"title":"Flood - Ready Ventura County","robots":{"index":"index","follow":"follow","max-snippet":"max-snippet:-1","max-image-preview":"max-image-preview:large","max-video-preview":"max-video-preview:-1"},"canonical":"https:\/\/ready.venturacounty.gov\/es\/wp-json\/wp\/v2\/pages\/3198","og_locale":"es_MX","og_type":"article","og_title":"Flood - Ready Ventura County","og_description":"Flood Ventura County residents generally enjoy a climate characterized by dry summers with little to no precipitation, and mild and wet winters. However, it is not uncommon for winter storms&hellip;","og_url":"https:\/\/ready.venturacounty.gov\/es\/flood\/","og_site_name":"Ready Ventura County","article_publisher":"https:\/\/www.facebook.com\/CountyOfVentura\/","article_modified_time":"2026-02-18T21:57:36+00:00","og_image":[{"url":"https:\/\/ready.venturacounty.gov\/wp-content\/uploads\/2022\/03\/emergencykit-quickclip.png","type":"","width":"","height":""}],"twitter_card":"summary_large_image","schema":{"@context":"https:\/\/schema.org","@graph":[{"@type":"WebPage","@id":"https:\/\/ready.venturacounty.gov\/flood\/","url":"https:\/\/ready.venturacounty.gov\/flood\/","name":"Flood - Ready Ventura County","isPartOf":{"@id":"https:\/\/ready.venturacounty.gov\/#website"},"primaryImageOfPage":{"@id":"https:\/\/ready.venturacounty.gov\/flood\/#primaryimage"},"image":{"@id":"https:\/\/ready.venturacounty.gov\/flood\/#primaryimage"},"thumbnailUrl":"https:\/\/ready.venturacounty.gov\/wp-content\/uploads\/2022\/03\/emergencykit-quickclip.png","datePublished":"2022-04-12T23:08:00+00:00","dateModified":"2026-02-18T21:57:36+00:00","breadcrumb":{"@id":"https:\/\/ready.venturacounty.gov\/flood\/#breadcrumb"},"inLanguage":"es-MX","potentialAction":[{"@type":"ReadAction","target":["https:\/\/ready.venturacounty.gov\/flood\/"]}]},{"@type":"ImageObject","inLanguage":"es-MX","@id":"https:\/\/ready.venturacounty.gov\/flood\/#primaryimage","url":"https:\/\/ready.venturacounty.gov\/wp-content\/uploads\/2022\/03\/emergencykit-quickclip.png","contentUrl":"https:\/\/ready.venturacounty.gov\/wp-content\/uploads\/2022\/03\/emergencykit-quickclip.png"},{"@type":"BreadcrumbList","@id":"https:\/\/ready.venturacounty.gov\/flood\/#breadcrumb","itemListElement":[{"@type":"ListItem","position":1,"name":"Home","item":"https:\/\/ready.venturacounty.gov\/"},{"@type":"ListItem","position":2,"name":"Flood"}]},{"@type":"WebSite","@id":"https:\/\/ready.venturacounty.gov\/#website","url":"https:\/\/ready.venturacounty.gov\/","name":"Listo Condado de Ventura","description":"","publisher":{"@id":"https:\/\/ready.venturacounty.gov\/#organization"},"potentialAction":[{"@type":"SearchAction","target":{"@type":"EntryPoint","urlTemplate":"https:\/\/ready.venturacounty.gov\/?s={search_term_string}"},"query-input":{"@type":"PropertyValueSpecification","valueRequired":true,"valueName":"search_term_string"}}],"inLanguage":"es-MX"},{"@type":"Organization","@id":"https:\/\/ready.venturacounty.gov\/#organization","name":"County Of Ventura","url":"https:\/\/ready.venturacounty.gov\/","logo":{"@type":"ImageObject","inLanguage":"es-MX","@id":"https:\/\/ready.venturacounty.gov\/#\/schema\/logo\/image\/","url":"https:\/\/ready.venturacounty.gov\/wp-content\/uploads\/2022\/06\/VC-Seal-Chosen_Full-Color_052522.png","contentUrl":"https:\/\/ready.venturacounty.gov\/wp-content\/uploads\/2022\/06\/VC-Seal-Chosen_Full-Color_052522.png","width":2077,"height":2087,"caption":"County Of Ventura"},"image":{"@id":"https:\/\/ready.venturacounty.gov\/#\/schema\/logo\/image\/"},"sameAs":["https:\/\/www.facebook.com\/CountyOfVentura\/"]}]}},"_links":{"self":[{"href":"https:\/\/ready.venturacounty.gov\/es\/wp-json\/wp\/v2\/pages\/3198","targetHints":{"allow":["GET"]}}],"collection":[{"href":"https:\/\/ready.venturacounty.gov\/es\/wp-json\/wp\/v2\/pages"}],"about":[{"href":"https:\/\/ready.venturacounty.gov\/es\/wp-json\/wp\/v2\/types\/page"}],"author":[{"embeddable":true,"href":"https:\/\/ready.venturacounty.gov\/es\/wp-json\/wp\/v2\/users\/1"}],"replies":[{"embeddable":true,"href":"https:\/\/ready.venturacounty.gov\/es\/wp-json\/wp\/v2\/comments?post=3198"}],"version-history":[{"count":0,"href":"https:\/\/ready.venturacounty.gov\/es\/wp-json\/wp\/v2\/pages\/3198\/revisions"}],"wp:attachment":[{"href":"https:\/\/ready.venturacounty.gov\/es\/wp-json\/wp\/v2\/media?parent=3198"}],"curies":[{"name":"wp","href":"https:\/\/api.w.org\/{rel}","templated":true}]}}