{"id":3185,"date":"2022-04-12T11:55:45","date_gmt":"2022-04-12T18:55:45","guid":{"rendered":"https:\/\/ready.venturacounty.gov\/?page_id=3185"},"modified":"2025-12-11T12:44:44","modified_gmt":"2025-12-11T20:44:44","slug":"earthquake","status":"publish","type":"page","link":"https:\/\/ready.venturacounty.gov\/es\/earthquake\/","title":{"rendered":"Terremoto"},"content":{"rendered":"<h1>\n\t\t\tTerremoto\t<\/h1>\n\t<p>Los terremotos generalmente se producen cuando las fallas subterr\u00e1neas se desplazan repentinamente. Las placas tect\u00f3nicas siempre se est\u00e1n moviendo, pero cuando se atascan, aumenta la presi\u00f3n. Cuando se libera esa presi\u00f3n, provoca ondas s\u00edsmicas que hacen temblar el suelo. As\u00ed es como puede estar preparado.<\/p>\n<h5  data-animation-delay=\"0\" data-animation-duration=\"1\">\n\t\t\t5\t<\/h5>\n<h2>\n\t\t\tCinco maneras de\t<\/h2>\n<h1>\n\t\t\tMantente LISTO\t<\/h1>\n\t<ul>\n\t\t\t<li>\n\t\t\t\t1 Practique c\u00f3mo agacharse, cubrirse y sujetarse. participar en un <strong><a href=\"https:\/\/www.shakeout.org\/index.html\" target=\"_blank\" rel=\"noopener\">Gran ejercicio de sacudida<\/a><\/strong>.\n\t\t\t<\/li>\n\t\t\t<li>\n\t\t\t\t2 Reg\u00edstrese para recibir alertas de terremotos. Muchas aplicaciones est\u00e1n disponibles para su dispositivo inteligente.\n\t\t\t<\/li>\n\t\t\t<li>\n\t\t\t\t3 Protege tu hogar contra terremotos. Hacer clic <a href=\"https:\/\/ready.venturacounty.gov\/wp-content\/uploads\/2022\/05\/EARTHQUAKE.fema_earthquakes_fema-p-530-earthquake-safety-at-home-march-2020.pdf\" target=\"_blank\" rel=\"noopener\"><strong>aqu\u00ed<\/strong><\/a> Para empezar.\n\t\t\t<\/li>\n\t\t\t<li>\n\t\t\t\t4 Tener un <a href=\"https:\/\/ready.venturacounty.gov\/es\/plan\/\"><strong>Plan de Emergencia Familiar<\/strong><\/a>, comunicaci\u00f3n y evacuaciones. Hable con los vecinos que puedan necesitar ayuda e incl\u00fayalos.\n\t\t\t<\/li>\n\t\t\t<li>\n\t\t\t\t5 Est\u00e9 preparado para quedarse o irse. Dependiendo del da\u00f1o, puede ser m\u00e1s seguro quedarse donde est\u00e1. Almacene suministros en casa, en su autom\u00f3vil o en el trabajo. \n\t\t\t<\/li>\n\t\t<\/ul>\n<h2>\n\t\t\tCuatro formas de\t<\/h2>\n<h1>\n\t\t\tSalvar el dia\t<\/h1>\n\t<ul>\n\t\t\t<li>\n\t\t\t\t1\n\t\t\t\t<a href=\"https:\/\/ready.venturacounty.gov\/wp-content\/uploads\/2022\/05\/Drop.Cover_.Hold_.Earthquake_Protective_Action_Flyer_English.png\" target=\"_blank\" rel=\"noopener\"><strong>Ag\u00e1chese, c\u00fabrase y suj\u00e9tese<\/strong><\/a>\u00a0y anime a otros a hacer lo mismo.\n\t\t\t<\/li>\n\t\t\t<li>\n\t\t\t\t2 Espere r\u00e9plicas, pero mu\u00e9vase a un lugar seguro cuando pueda, afuera o lejos de los edificios da\u00f1ados.\n\t\t\t<\/li>\n\t\t\t<li>\n\t\t\t\t3 Si est\u00e1 cerca del oc\u00e9ano, mu\u00e9vase a un terreno m\u00e1s alto en caso de un tsunami.\n\t\t\t<\/li>\n\t\t\t<li>\n\t\t\t\t4 Si sospecha una fuga de gas natural, cierre la v\u00e1lvula del medidor de gas para evitar incendios y explosiones. Compre en tiendas locales de mejoras para el hogar herramientas m\u00faltiples de cierre. Espere a que un profesional restablezca el servicio.\n\t\t\t<\/li>\n\t\t<\/ul>\n<h5  data-animation-delay=\"0\" data-animation-duration=\"1\">\n\t\t\t4\t<\/h5>\n<h5  data-animation-delay=\"0\" data-animation-duration=\"1\">\n\t\t\t3\t<\/h5>\n<h2>\n\t\t\tTres cosas para\t<\/h2>\n<h1>\n\t\t\tSaber\t<\/h1>\n\t<ul>\n\t\t\t<li>\n\t\t\t\t1 Protegerse de objetos que caen es clave. Planee con anticipaci\u00f3n d\u00f3nde se refugiar\u00e1 en su casa, escuela o trabajo.\n\t\t\t<\/li>\n\t\t\t<li>\n\t\t\t\t2 El condado de Ventura tiene varias fallas capaces de producir un terremoto de magnitud 6-7: Oakridge, San Cayetano, South San Andreas y Ventura Pitas Point.\n\t\t\t<\/li>\n\t\t\t<li>\n\t\t\t\t3 El c\u00f3digo de construcci\u00f3n de California prioriza la seguridad de la vida y la prevenci\u00f3n del colapso de edificios Visite el <strong><a href=\"https:\/\/ssc.ca.gov\/\" target=\"_blank\" rel=\"noopener\">Comisi\u00f3n de Seguridad S\u00edsmica<\/a><\/strong> para el \u00faltimo informe.\n\t\t\t<\/li>\n\t\t<\/ul>\n<h2>\n\t\t\tDos cosas para\t<\/h2>\n<h1>\n\t\t\tTranquiliza tu mente\t<\/h1>\n\t<ul>\n\t\t\t<li>\n\t\t\t\t1 No existe tal cosa como \u201c<strong><a href=\"https:\/\/www.usgs.gov\/programs\/earthquake-hazards\/cool-earthquake-facts\" target=\"_blank\" rel=\"noopener\">clima del terremoto<\/a><\/strong>.\u201d Estad\u00edsticamente hablando, los terremotos ocurren por igual en climas c\u00e1lidos y fr\u00edos.\n\t\t\t<\/li>\n\t\t\t<li>\n\t\t\t\t2 Varios terremotos de peque\u00f1a magnitud en un corto per\u00edodo de tiempo (tambi\u00e9n conocido como enjambre) no necesariamente indican que se acerca el grande.\n\t\t\t<\/li>\n\t\t<\/ul>\n<h5  data-animation-delay=\"0\" data-animation-duration=\"1\">\n\t\t\t2\t<\/h5>\n<h5  data-animation-delay=\"0\" data-animation-duration=\"1\">\n\t\t\t1\t<\/h5>\n<h2>\n\t\t\tUna pregunta que deber\u00edas estar haciendo\t<\/h2>\n<h1>\n\t\t\tAhora mismo\t<\/h1>\n\t<ul>\n\t\t\t<li>\n\t\t\t\t1 \u00bfC\u00f3mo cambiar\u00e1n las cosas cerca de m\u00ed? Utilizar el <strong><a href=\"https:\/\/experience.arcgis.com\/experience\/f3abbf7ed4624a81ab6238fee0caee26\/page\/Earthquake-Hazard\/\" target=\"_blank\" rel=\"noopener\">Shake Map<\/a><\/strong> para ver escenarios y anticipar la intensidad cerca de ti.\n\t\t\t<\/li>\n\t\t<\/ul>\n<h1>\n\t\t\tRecursos\t<\/h1>\n\t<strong><a href=\"https:\/\/www.usgs.gov\/\" target=\"_blank\" rel=\"noopener\" data-uw-rm-brl=\"PR\" data-uw-original-href=\"https:\/\/www.usgs.gov\/\" aria-label=\"USGS - open in a new tab\" data-uw-rm-ext-link=\"\">USGS<\/a><br \/>\n<\/strong>\n<strong><a href=\"https:\/\/www.ready.gov\/earthquakes\" target=\"_blank\" rel=\"noopener\" data-uw-rm-brl=\"PR\" data-uw-original-href=\"https:\/\/www.ready.gov\/earthquakes\" aria-label=\"Ready.gov Earthquakes - open in a new tab\" data-uw-rm-ext-link=\"\">Ready.gov Terremotos<\/a><br \/>\n<\/strong>\n<strong><a href=\"http:\/\/www.scec.org\/\" target=\"_blank\" rel=\"noopener\" data-uw-rm-brl=\"PR\" data-uw-original-href=\"http:\/\/www.scec.org\/\" aria-label=\"Southern California Earthquake Center - open in a new tab\" data-uw-rm-ext-link=\"\">Centro de Terremotos del Sur de California<\/a><br \/>\n<\/strong>\n<strong><a href=\"http:\/\/www.earthquakeauthority.com\/\" target=\"_blank\" rel=\"noopener\" data-uw-rm-brl=\"PR\" data-uw-original-href=\"http:\/\/www.earthquakeauthority.com\/\" aria-label=\"California Earthquake Authority - open in a new tab\" data-uw-rm-ext-link=\"\">Autoridad de Terremotos de California<\/a><br \/>\n<\/strong>\n<p><strong><a href=\"https:\/\/www.shakeout.org\/index.html\" target=\"_blank\" rel=\"noopener\" data-uw-rm-brl=\"PR\" data-uw-original-href=\"https:\/\/www.shakeout.org\/index.html\" aria-label=\"Great ShakeOut Earthquake Drills - Select Your ShakeOut Region - open in a new tab\" data-uw-rm-ext-link=\"\">Grandes simulacros de terremoto ShakeOut: seleccione su regi\u00f3n ShakeOut<\/a><\/strong><\/p>\n<p><strong><a href=\"https:\/\/www.earthquakecountry.org\/sevensteps\/\" target=\"_blank\" rel=\"noopener\" data-uw-rm-brl=\"PR\" data-uw-original-href=\"https:\/\/www.earthquakecountry.org\/step5\/\" aria-label=\"Earthquake Country Alliance: Welcome to Earthquake Country! - open in a new tab\" data-uw-rm-ext-link=\"\">Earthquake Country Alliance: Seven Steps to Earthquake Safety<\/a><\/strong><\/p>\n<p><strong><a href=\"https:\/\/ready.venturacounty.gov\/wp-content\/uploads\/2025\/10\/ECA_Seven_Steps_Earthquake_Safety-SP.cleaned.pdf\" target=\"_blank\" rel=\"noopener\">Siete Pasos para la Seguridad contra Terremotos<\/a><\/strong><\/p>\n<p><a href=\"https:\/\/rocketrules.org\/earthquake-activity-books-videos\/\" target=\"_blank\" rel=\"noopener\" data-uw-rm-brl=\"PR\" data-uw-original-href=\"https:\/\/rocketrules.org\/earthquake-activity-books-videos\/\"><strong>Reglas de cohetes para ni\u00f1os<\/strong><\/a><\/p>\n<p><strong><a href=\"https:\/\/myhazards.caloes.ca.gov\/\" target=\"_blank\" rel=\"noopener\" data-uw-rm-brl=\"PR\" data-uw-original-href=\"https:\/\/myhazards.caloes.ca.gov\/\">CalOES Mis Peligros<\/a><\/strong><\/p>\n<p><strong><a href=\"https:\/\/www.conservation.ca.gov\/cgs\/rghm\/psha\" target=\"_blank\" rel=\"noopener\" data-uw-rm-brl=\"PR\" data-uw-original-href=\"https:\/\/www.conservation.ca.gov\/cgs\/rghm\/psha\">Departamento de Conservaci\u00f3n de California - Programa de Riesgos S\u00edsmicos de California<\/a><\/strong><\/p>\n<h2>\n\t\t\tTuviste \t<\/h2>\n<h1>\n\t\t\t\u00bfSaber?\t<\/h1>\n\t<p>\u00bfSab\u00eda que un terremoto puede perturbar las esporas de hongos que, cuando se inhalan, causan la \u201cfiebre del valle\u201d? Tenga cuidado con el polvo en el aire causado por un terremoto y c\u00fabrase la boca y la nariz, o use una m\u00e1scara, cuando sea posible. Hacer clic <a href=\"https:\/\/www.cdc.gov\/valley-fever\/?CDC_AAref_Val=https:\/\/www.cdc.gov\/fungal\/diseases\/coccidioidomycosis\/index.html\" target=\"_blank\" rel=\"noopener\" aria-label=\"Click here to learn more - open in a new tab\" data-uw-rm-vglnk=\"\" data-uw-rm-brl=\"PR\" data-uw-original-href=\"https:\/\/www.cdc.gov\/valley-fever\/?CDC_AAref_Val=https:\/\/www.cdc.gov\/fungal\/diseases\/coccidioidomycosis\/index.html\" data-uw-rm-ext-link=\"\">aqu\u00ed<\/a> aprender m\u00e1s.<\/p>\n\t\t\t\t<img decoding=\"async\" src=\"https:\/\/ready.venturacounty.gov\/wp-content\/uploads\/2022\/03\/emergencykit-quickclip.png\" alt=\"Emergency Kit\" itemprop=\"image\" height=\"1190\" width=\"1500\" onerror=\"this.style.display='none'\" loading=\"lazy\" \/>\n\t\t<h2>\n\t\t\tComience con su kit de emergencia\n\t\t<\/h2>\n\t<p>\u00a1No espere hasta que ocurra una emergencia, cuando sea demasiado tarde! Ready Ventura County le facilita la creaci\u00f3n de un kit adecuado para su hogar. Utilice nuestro generador de planes para comenzar hoy.<\/p>\n\t\t\t<a href=\"https:\/\/ready.venturacounty.gov\/es\/prepare\/\" target=\"_self\" rel=\"noopener\">\n\t\t\t\t\t\t\tCONSTRUYE TU EQUIPO\n\t\t\t\t\t<\/a>","protected":false},"excerpt":{"rendered":"<p>Terremoto Los terremotos generalmente se producen cuando fallas subterr\u00e1neas se desplazan repentinamente. Las placas tect\u00f3nicas siempre est\u00e1n en movimiento, pero cuando se atascan, aumenta la presi\u00f3n. Cuando esa presi\u00f3n se libera, se produce un terremoto...<\/p>","protected":false},"author":1,"featured_media":0,"parent":0,"menu_order":0,"comment_status":"closed","ping_status":"closed","template":"","meta":{"footnotes":""},"class_list":["post-3185","page","type-page","status-publish","hentry"],"yoast_head":"<!-- This site is optimized with the Yoast SEO plugin v27.5 - https:\/\/yoast.com\/product\/yoast-seo-wordpress\/ -->\n<title>Earthquake - Ready Ventura County<\/title>\n<meta name=\"robots\" content=\"index, follow, max-snippet:-1, max-image-preview:large, max-video-preview:-1\" \/>\n<link rel=\"canonical\" href=\"https:\/\/ready.venturacounty.gov\/es\/wp-json\/wp\/v2\/pages\/3185\" \/>\n<meta property=\"og:locale\" content=\"es_MX\" \/>\n<meta property=\"og:type\" content=\"article\" \/>\n<meta property=\"og:title\" content=\"Earthquake - Ready Ventura County\" \/>\n<meta property=\"og:description\" content=\"Earthquake Earthquakes are usually caused when underground faults shift suddenly. Tectonic plates are always moving, but when they get stuck, pressure builds. When that pressure is released, it causes seismic&hellip;\" \/>\n<meta property=\"og:url\" content=\"https:\/\/ready.venturacounty.gov\/es\/earthquake\/\" \/>\n<meta property=\"og:site_name\" content=\"Ready Ventura County\" \/>\n<meta property=\"article:publisher\" content=\"https:\/\/www.facebook.com\/CountyOfVentura\/\" \/>\n<meta property=\"article:modified_time\" content=\"2025-12-11T20:44:44+00:00\" \/>\n<meta property=\"og:image\" content=\"https:\/\/ready.venturacounty.gov\/wp-content\/uploads\/2022\/03\/emergencykit-quickclip.png\" \/>\n<meta name=\"twitter:card\" content=\"summary_large_image\" \/>\n<script type=\"application\/ld+json\" class=\"yoast-schema-graph\">{\"@context\":\"https:\\\/\\\/schema.org\",\"@graph\":[{\"@type\":\"WebPage\",\"@id\":\"https:\\\/\\\/ready.venturacounty.gov\\\/earthquake\\\/\",\"url\":\"https:\\\/\\\/ready.venturacounty.gov\\\/earthquake\\\/\",\"name\":\"Earthquake - Ready Ventura County\",\"isPartOf\":{\"@id\":\"https:\\\/\\\/ready.venturacounty.gov\\\/#website\"},\"primaryImageOfPage\":{\"@id\":\"https:\\\/\\\/ready.venturacounty.gov\\\/earthquake\\\/#primaryimage\"},\"image\":{\"@id\":\"https:\\\/\\\/ready.venturacounty.gov\\\/earthquake\\\/#primaryimage\"},\"thumbnailUrl\":\"https:\\\/\\\/ready.venturacounty.gov\\\/wp-content\\\/uploads\\\/2022\\\/03\\\/emergencykit-quickclip.png\",\"datePublished\":\"2022-04-12T18:55:45+00:00\",\"dateModified\":\"2025-12-11T20:44:44+00:00\",\"breadcrumb\":{\"@id\":\"https:\\\/\\\/ready.venturacounty.gov\\\/earthquake\\\/#breadcrumb\"},\"inLanguage\":\"es-MX\",\"potentialAction\":[{\"@type\":\"ReadAction\",\"target\":[\"https:\\\/\\\/ready.venturacounty.gov\\\/earthquake\\\/\"]}]},{\"@type\":\"ImageObject\",\"inLanguage\":\"es-MX\",\"@id\":\"https:\\\/\\\/ready.venturacounty.gov\\\/earthquake\\\/#primaryimage\",\"url\":\"https:\\\/\\\/ready.venturacounty.gov\\\/wp-content\\\/uploads\\\/2022\\\/03\\\/emergencykit-quickclip.png\",\"contentUrl\":\"https:\\\/\\\/ready.venturacounty.gov\\\/wp-content\\\/uploads\\\/2022\\\/03\\\/emergencykit-quickclip.png\"},{\"@type\":\"BreadcrumbList\",\"@id\":\"https:\\\/\\\/ready.venturacounty.gov\\\/earthquake\\\/#breadcrumb\",\"itemListElement\":[{\"@type\":\"ListItem\",\"position\":1,\"name\":\"Home\",\"item\":\"https:\\\/\\\/ready.venturacounty.gov\\\/\"},{\"@type\":\"ListItem\",\"position\":2,\"name\":\"Earthquake\"}]},{\"@type\":\"WebSite\",\"@id\":\"https:\\\/\\\/ready.venturacounty.gov\\\/#website\",\"url\":\"https:\\\/\\\/ready.venturacounty.gov\\\/\",\"name\":\"Ready Ventura County\",\"description\":\"\",\"publisher\":{\"@id\":\"https:\\\/\\\/ready.venturacounty.gov\\\/#organization\"},\"potentialAction\":[{\"@type\":\"SearchAction\",\"target\":{\"@type\":\"EntryPoint\",\"urlTemplate\":\"https:\\\/\\\/ready.venturacounty.gov\\\/?s={search_term_string}\"},\"query-input\":{\"@type\":\"PropertyValueSpecification\",\"valueRequired\":true,\"valueName\":\"search_term_string\"}}],\"inLanguage\":\"es-MX\"},{\"@type\":\"Organization\",\"@id\":\"https:\\\/\\\/ready.venturacounty.gov\\\/#organization\",\"name\":\"County Of Ventura\",\"url\":\"https:\\\/\\\/ready.venturacounty.gov\\\/\",\"logo\":{\"@type\":\"ImageObject\",\"inLanguage\":\"es-MX\",\"@id\":\"https:\\\/\\\/ready.venturacounty.gov\\\/#\\\/schema\\\/logo\\\/image\\\/\",\"url\":\"https:\\\/\\\/ready.venturacounty.gov\\\/wp-content\\\/uploads\\\/2022\\\/06\\\/VC-Seal-Chosen_Full-Color_052522.png\",\"contentUrl\":\"https:\\\/\\\/ready.venturacounty.gov\\\/wp-content\\\/uploads\\\/2022\\\/06\\\/VC-Seal-Chosen_Full-Color_052522.png\",\"width\":2077,\"height\":2087,\"caption\":\"County Of Ventura\"},\"image\":{\"@id\":\"https:\\\/\\\/ready.venturacounty.gov\\\/#\\\/schema\\\/logo\\\/image\\\/\"},\"sameAs\":[\"https:\\\/\\\/www.facebook.com\\\/CountyOfVentura\\\/\"]}]}<\/script>\n<!-- \/ Yoast SEO plugin. -->","yoast_head_json":{"title":"Earthquake - Ready Ventura County","robots":{"index":"index","follow":"follow","max-snippet":"max-snippet:-1","max-image-preview":"max-image-preview:large","max-video-preview":"max-video-preview:-1"},"canonical":"https:\/\/ready.venturacounty.gov\/es\/wp-json\/wp\/v2\/pages\/3185","og_locale":"es_MX","og_type":"article","og_title":"Earthquake - Ready Ventura County","og_description":"Earthquake Earthquakes are usually caused when underground faults shift suddenly. Tectonic plates are always moving, but when they get stuck, pressure builds. When that pressure is released, it causes seismic&hellip;","og_url":"https:\/\/ready.venturacounty.gov\/es\/earthquake\/","og_site_name":"Ready Ventura County","article_publisher":"https:\/\/www.facebook.com\/CountyOfVentura\/","article_modified_time":"2025-12-11T20:44:44+00:00","og_image":[{"url":"https:\/\/ready.venturacounty.gov\/wp-content\/uploads\/2022\/03\/emergencykit-quickclip.png","type":"","width":"","height":""}],"twitter_card":"summary_large_image","schema":{"@context":"https:\/\/schema.org","@graph":[{"@type":"WebPage","@id":"https:\/\/ready.venturacounty.gov\/earthquake\/","url":"https:\/\/ready.venturacounty.gov\/earthquake\/","name":"Earthquake - Ready Ventura County","isPartOf":{"@id":"https:\/\/ready.venturacounty.gov\/#website"},"primaryImageOfPage":{"@id":"https:\/\/ready.venturacounty.gov\/earthquake\/#primaryimage"},"image":{"@id":"https:\/\/ready.venturacounty.gov\/earthquake\/#primaryimage"},"thumbnailUrl":"https:\/\/ready.venturacounty.gov\/wp-content\/uploads\/2022\/03\/emergencykit-quickclip.png","datePublished":"2022-04-12T18:55:45+00:00","dateModified":"2025-12-11T20:44:44+00:00","breadcrumb":{"@id":"https:\/\/ready.venturacounty.gov\/earthquake\/#breadcrumb"},"inLanguage":"es-MX","potentialAction":[{"@type":"ReadAction","target":["https:\/\/ready.venturacounty.gov\/earthquake\/"]}]},{"@type":"ImageObject","inLanguage":"es-MX","@id":"https:\/\/ready.venturacounty.gov\/earthquake\/#primaryimage","url":"https:\/\/ready.venturacounty.gov\/wp-content\/uploads\/2022\/03\/emergencykit-quickclip.png","contentUrl":"https:\/\/ready.venturacounty.gov\/wp-content\/uploads\/2022\/03\/emergencykit-quickclip.png"},{"@type":"BreadcrumbList","@id":"https:\/\/ready.venturacounty.gov\/earthquake\/#breadcrumb","itemListElement":[{"@type":"ListItem","position":1,"name":"Home","item":"https:\/\/ready.venturacounty.gov\/"},{"@type":"ListItem","position":2,"name":"Earthquake"}]},{"@type":"WebSite","@id":"https:\/\/ready.venturacounty.gov\/#website","url":"https:\/\/ready.venturacounty.gov\/","name":"Listo Condado de Ventura","description":"","publisher":{"@id":"https:\/\/ready.venturacounty.gov\/#organization"},"potentialAction":[{"@type":"SearchAction","target":{"@type":"EntryPoint","urlTemplate":"https:\/\/ready.venturacounty.gov\/?s={search_term_string}"},"query-input":{"@type":"PropertyValueSpecification","valueRequired":true,"valueName":"search_term_string"}}],"inLanguage":"es-MX"},{"@type":"Organization","@id":"https:\/\/ready.venturacounty.gov\/#organization","name":"County Of Ventura","url":"https:\/\/ready.venturacounty.gov\/","logo":{"@type":"ImageObject","inLanguage":"es-MX","@id":"https:\/\/ready.venturacounty.gov\/#\/schema\/logo\/image\/","url":"https:\/\/ready.venturacounty.gov\/wp-content\/uploads\/2022\/06\/VC-Seal-Chosen_Full-Color_052522.png","contentUrl":"https:\/\/ready.venturacounty.gov\/wp-content\/uploads\/2022\/06\/VC-Seal-Chosen_Full-Color_052522.png","width":2077,"height":2087,"caption":"County Of Ventura"},"image":{"@id":"https:\/\/ready.venturacounty.gov\/#\/schema\/logo\/image\/"},"sameAs":["https:\/\/www.facebook.com\/CountyOfVentura\/"]}]}},"_links":{"self":[{"href":"https:\/\/ready.venturacounty.gov\/es\/wp-json\/wp\/v2\/pages\/3185","targetHints":{"allow":["GET"]}}],"collection":[{"href":"https:\/\/ready.venturacounty.gov\/es\/wp-json\/wp\/v2\/pages"}],"about":[{"href":"https:\/\/ready.venturacounty.gov\/es\/wp-json\/wp\/v2\/types\/page"}],"author":[{"embeddable":true,"href":"https:\/\/ready.venturacounty.gov\/es\/wp-json\/wp\/v2\/users\/1"}],"replies":[{"embeddable":true,"href":"https:\/\/ready.venturacounty.gov\/es\/wp-json\/wp\/v2\/comments?post=3185"}],"version-history":[{"count":0,"href":"https:\/\/ready.venturacounty.gov\/es\/wp-json\/wp\/v2\/pages\/3185\/revisions"}],"wp:attachment":[{"href":"https:\/\/ready.venturacounty.gov\/es\/wp-json\/wp\/v2\/media?parent=3185"}],"curies":[{"name":"wp","href":"https:\/\/api.w.org\/{rel}","templated":true}]}}