{"id":3157,"date":"2022-04-12T10:07:52","date_gmt":"2022-04-12T17:07:52","guid":{"rendered":"https:\/\/ready.venturacounty.gov\/?page_id=3157"},"modified":"2026-02-18T14:05:51","modified_gmt":"2026-02-18T22:05:51","slug":"get-involved","status":"publish","type":"page","link":"https:\/\/ready.venturacounty.gov\/es\/get-involved\/","title":{"rendered":"Involucrese"},"content":{"rendered":"<h1>\n\t\t\tInvolucrese\t<\/h1>\n\t<blockquote><em>\u201cHay un superh\u00e9roe dentro de todos nosotros. Solo necesitamos el coraje para ponernos la capa\u201d.<\/em><br \/>\n\u2013 Superhombre \u2013<\/blockquote>\n\t<p>Ahora que usted y sus seres queridos est\u00e1n protegidos, es hora de mejorar su estatus de h\u00e9roe. Vea estas oportunidades para proteger y servir a su comunidad.<\/p>\n<h2>\n\t\t\tAdopta un\t<\/h2>\n<h1>\n\t\t\tCompa\u00f1ero\t<\/h1>\n\t<p>Cada uno tiene una kriptonita personal, pero juntos podemos superarla. Dar una mano a una red de ayudantes aprovecha las capacidades colectivas y les da a todos ese impulso adicional.<\/p>\n<ul>\n<li>Incluya en su plan de emergencia el control de vecinos, amigos y compa\u00f1eros de trabajo que puedan necesitar un compa\u00f1ero de evacuaci\u00f3n de confianza.<\/li>\n<li>Las personas que viven con necesidades funcionales y de acceso pueden necesitar apoyo adicional para prepararse para emergencias. Cree una red para ayudar a llenar los vac\u00edos en sus necesidades de preparaci\u00f3n y respuesta ante emergencias.<\/li>\n<li>Inicie una conversaci\u00f3n sobre la preparaci\u00f3n para emergencias. Es una excelente manera de aprender c\u00f3mo puede ayudar a otros y viceversa.<\/li>\n<li>Ya que est\u00e1 en eso... Ponga algunos suministros adicionales en su equipo para salvar el d\u00eda a alguien que lo necesite durante una emergencia.<\/li>\n<\/ul>\n<h2>\n\t\t\tConvi\u00e9rtete en un\t<\/h2>\n<h1>\n\t\t\tHombre de influencia\t<\/h1>\n\t<p>No necesitas un canal de TikTok o YouTube para cambiar el mundo. Vu\u00e9lvase viral en su propio c\u00edrculo promoviendo la preparaci\u00f3n para emergencias. Utilice su red para aumentar la conciencia:<\/p>\n<ul>\n<li>Siga con nosotros\u00a0<strong><a href=\"https:\/\/sheriff.venturacounty.gov\/media\/\" target=\"_blank\" rel=\"noopener\" data-uw-rm-brl=\"PR\" data-uw-original-href=\"https:\/\/www.venturasheriff.org\/media\/\" aria-label=\"social media - open in a new tab\" data-uw-rm-ext-link=\"\">medios de comunicaci\u00f3n social<\/a><\/strong>\u00a0y comprom\u00e9tase a compartir consejos de preparaci\u00f3n.<\/li>\n<li>Publicar informaci\u00f3n de preparaci\u00f3n o conectar <strong><a href=\"https:\/\/ready.venturacounty.gov\/es\/\" target=\"_blank\" rel=\"noopener\" data-uw-rm-brl=\"PR\" data-uw-original-href=\"https:\/\/ready.venturacounty.gov\/\" aria-label=\"ready.venturacounty.gov - open in a new tab\" data-uw-rm-ext-link=\"\">ready.venturacounty.gov<\/a><\/strong> en el sitio web o bolet\u00edn informativo de su organizaci\u00f3n.<\/li>\n<li>Toque el timbre en la escuela, el trabajo y los clubes extracurriculares preguntando sobre sus planes de emergencia.<\/li>\n<li>Dar\u00a0<strong><a href=\"https:\/\/ready.venturacounty.gov\/es\/prepare\/\" data-uw-rm-brl=\"PR\" data-uw-original-href=\"https:\/\/ready.venturacounty.gov\/prepare\">equipos basicos<\/a><\/strong>\u00a0como regalos<\/li>\n<\/ul>\n<h2>\n\t\t\tCruz Roja Americana\t<\/h2>\n\t<p>\u00a1Prepara tus capas! La Cruz Roja Americana previene y alivia el sufrimiento humano ante emergencias al movilizar el poder de los voluntarios y la generosidad de los donantes. Sus voluntarios responden a m\u00e1s de 60.000 desastres cada a\u00f1o.<\/p>\n\t\t\t<a href=\"https:\/\/www.redcross.org\/local\/california\/central-california\/about-us\/locations\/pacific-coast.html?CID=organic_gmb_listings\"  target=\"_blank\" rel=\"noopener\">\n\t\t\t\t\t\t\tVISITA EL SITIO WEB\n\t\t\t\t\t<\/a>\n<h2>\n\t\t\tServicios de comunicaci\u00f3n auxiliares (ACS)\t<\/h2>\n\t<p>\u00a1Habla sobre h\u00e9roes an\u00f3nimos! \u00bfHa pensado en c\u00f3mo nos comunicaremos en caso de emergencia cuando nuestros tel\u00e9fonos celulares dejen de funcionar? Estos entusiastas de la tecnolog\u00eda de la &quot;vieja escuela&quot; le brindar\u00e1n su SOS en momentos de necesidad. Los radioaficionados con licencia utilizan una amplia gama de bandas de radio, cada una con su fuerza particular para superar las barreras de las comunicaciones por radio. Los radioaficionados tambi\u00e9n pueden utilizar una amplia gama de modos de comunicaci\u00f3n, ya sea TV, datos, voz o c\u00f3digo Morse para intercambiar mensajes. Desafortunadamente, esta habilidad vital pronto puede estar en peligro. \u00bfSab\u00edas que el experto medio de ACS tiene m\u00e1s de 50 a\u00f1os? \u00a1Ven y deja que estos viejos perros te ense\u00f1en a ti y a tus cachorros algunos trucos nuevos!<\/p>\n\t\t\t<a href=\"https:\/\/www.vccomm.org\/\"  target=\"_blank\" rel=\"noopener\">\n\t\t\t\t\t\t\tVISITA EL SITIO WEB\n\t\t\t\t\t<\/a>\n<h2>\n\t\t\tEquipos Comunitarios de Respuesta a Emergencias (CERT)\t<\/h2>\n\t<p>\u00bfSabr\u00eda qu\u00e9 hacer si una emergencia golpea a su comunidad, escuela o lugar de trabajo? Despu\u00e9s de un desastre, se necesitar\u00e1n socorristas profesionales en todas partes. El programa del Equipo de Respuesta a Emergencias de la Comunidad (CERT) ense\u00f1a a los miembros de la comunidad sobre los posibles desastres que podr\u00edan afectar su \u00e1rea y c\u00f3mo responder a ellos de manera segura y responsable. CERT educa a los voluntarios en habilidades b\u00e1sicas de respuesta a desastres, como seguridad contra incendios, organizaci\u00f3n de equipos, peligros que pueden afectar su \u00e1rea y operaciones m\u00e9dicas de desastres.<\/p>\n\t\t\t<a href=\"https:\/\/fire.venturacounty.gov\/cert\/\"  target=\"_blank\" rel=\"noopener\">\n\t\t\t\t\t\t\tVISITA EL SITIO WEB\n\t\t\t\t\t<\/a>\n<h2>\n\t\t\tAcademia ciudadana\t<\/h2>\n\t<p>La Academia Ciudadana del Sheriff es un curso de doce semanas dise\u00f1ado para brindarles a los ciudadanos una descripci\u00f3n general de las funciones y los procedimientos operativos del departamento de polic\u00eda. Hay presentaciones de varios departamentos especializados y visitas de campo al Centro de Detenci\u00f3n Previa al Juicio, el Centro de Justicia Juvenil, el Centro de Comunicaciones del Sheriff, el Laboratorio Forense (CSI), la Academia de Capacitaci\u00f3n del Sheriff y la Unidad de Aviaci\u00f3n. No hay costo para asistir a la academia.<\/p>\n\t\t\t<a href=\"https:\/\/sheriff.venturacounty.gov\/patrol-services\/citizen-academy\/\"  target=\"_blank\" rel=\"noopener\">\n\t\t\t\t\t\t\tVISITA EL SITIO WEB\n\t\t\t\t\t<\/a>\n<h2>\n\t\t\tSimi Valley Disaster Service Worker Volunteers\t<\/h2>\n\t<p>The Simi Valley Disaster Service Worker Volunteer team&#8217;s mission is to minimize the loss of life, suffering, and damage to property following disasters by training and utilizing highly motivated community members in preparedness, response, and recovery activities.<\/p>\n\t\t\t<a href=\"https:\/\/www.simivalley.org\/departments\/police-department\/emergency-services\/volunteer-disaster-service-worker-program\"  target=\"_blank\" rel=\"noopener\">\n\t\t\t\t\t\t\tVISITA EL SITIO WEB\n\t\t\t\t\t<\/a>\n<h2>\n\t\t\tEquipo de Rescate Voluntario de Emergencia (EVRT)\t<\/h2>\n\t<p>\u00bfAmar a los animales? Los miembros del Equipo de Rescate Voluntario de Emergencia (EVRT, por sus siglas en ingl\u00e9s) ayudan al Departamento de Servicios para Animales del Condado de Ventura durante desastres como incendios forestales, inundaciones, terremotos o cualquier incidente de emergencia que requiera la evacuaci\u00f3n del ganado.<\/p>\n\t\t\t<a href=\"https:\/\/animalservices.venturacounty.gov\/\"  target=\"_blank\" rel=\"noopener\">\n\t\t\t\t\t\t\tVISITA EL SITIO WEB\n\t\t\t\t\t<\/a>\n<h2>\n\t\t\tCuerpo de Reserva M\u00e9dica\t<\/h2>\n\t<p>Desarrollar alianzas para educar, capacitar y desplegar ciudadanos voluntarios, incluidos profesionales de la salud (activos y jubilados), en caso de una emergencia local a gran escala.<\/p>\n\t\t\t<a href=\"https:\/\/www.venturacountymrc.org\/\"  target=\"_blank\" rel=\"noopener\">\n\t\t\t\t\t\t\tVISITA EL SITIO WEB\n\t\t\t\t\t<\/a>\n<h2>\n\t\t\tCompartir comida\t<\/h2>\n\t<p>\u00a1\u00danete a la lucha contra el hambre! Cada hora de apoyo voluntario se traduce en comida en los platos de amigos y vecinos hambrientos. Las oportunidades de voluntariado est\u00e1n disponibles de lunes a viernes de 8:00 am a 4:00 pm. Preste sus manos para clasificar, recoger, hacer jardiner\u00eda o empacar. Doce a\u00f1os y mayores son bienvenidos. Para obtener m\u00e1s informaci\u00f3n, haga clic en el enlace a continuaci\u00f3n.<\/p>\n\t\t\t<a href=\"https:\/\/foodshare.com\/volunteer\/\"  target=\"_blank\" rel=\"noopener\">\n\t\t\t\t\t\t\tVISITA EL SITIO WEB\n\t\t\t\t\t<\/a>\n<h2>\n\t\t\tUnited Way\/Voluntario Condado de Ventura\t<\/h2>\n\t<p>\u00bfNo est\u00e1s seguro de d\u00f3nde conectarte? United Way of Ventura County ofrece una variedad de oportunidades de voluntariado para servir a la comunidad. Encuentre un trabajo que le llame la atenci\u00f3n o reg\u00edstrese como Voluntario Espont\u00e1neo en Desastres.<\/p>\n\t\t\t<a href=\"https:\/\/vcunitedway.org\/volunteer-2\/\"  target=\"_blank\" rel=\"noopener\">\n\t\t\t\t\t\t\tVISITA EL SITIO WEB\n\t\t\t\t\t<\/a>\n<figure data-animation-delay=\"0\" data-animation-duration=\"2\" itemscope itemtype=\"https:\/\/schema.org\/ImageObject\">\n\t\t\t\t<img decoding=\"async\" src=\"https:\/\/ready.venturacounty.gov\/wp-content\/uploads\/2022\/03\/emergencykit-quickclip.png\" alt=\"Emergency Kit\" height=\"1190\" width=\"1500\" onerror=\"this.style.display='none'\" loading=\"lazy\" \/>\n\t<\/figure>\n\t\t<h2>\n\t\t\tComience con su kit de emergencia\n\t\t<\/h2>\n\t<p>\u00a1No espere hasta que ocurra una emergencia, cuando sea demasiado tarde! Ready Ventura County le facilita la creaci\u00f3n de un kit adecuado para su hogar. Utilice nuestro generador de planes para comenzar hoy.<\/p>\n\t\t\t<a href=\"https:\/\/ready.venturacounty.gov\/es\/prepare\/\"  target=\"_self\">\n\t\t\t\t\t\t\tCONSTRUYE TU EQUIPO\n\t\t\t\t\t<\/a>","protected":false},"excerpt":{"rendered":"<p>Invol\u00facrate \u201cHay un superh\u00e9roe dentro de todos nosotros. S\u00f3lo necesitamos el coraje de ponernos la capa\u201d. \u2013 Superman \u2013 Ahora que t\u00fa y tus seres queridos\u2026<\/p>","protected":false},"author":1,"featured_media":0,"parent":0,"menu_order":0,"comment_status":"closed","ping_status":"closed","template":"","meta":{"footnotes":""},"class_list":["post-3157","page","type-page","status-publish","hentry"],"yoast_head":"<!-- This site is optimized with the Yoast SEO plugin v27.3 - https:\/\/yoast.com\/product\/yoast-seo-wordpress\/ -->\n<title>Get Involved - Ready Ventura County<\/title>\n<meta name=\"robots\" content=\"index, follow, max-snippet:-1, max-image-preview:large, max-video-preview:-1\" \/>\n<link rel=\"canonical\" href=\"https:\/\/ready.venturacounty.gov\/es\/wp-json\/wp\/v2\/pages\/3157\" \/>\n<meta property=\"og:locale\" content=\"es_MX\" \/>\n<meta property=\"og:type\" content=\"article\" \/>\n<meta property=\"og:title\" content=\"Get Involved - Ready Ventura County\" \/>\n<meta property=\"og:description\" content=\"Get Involved &#8220;There is a superhero inside all of us.\u00a0 We just need the courage to put on the cape.&#8221; &#8211; Superman &#8211; Now that you and your loved ones&hellip;\" \/>\n<meta property=\"og:url\" content=\"https:\/\/ready.venturacounty.gov\/es\/get-involved\/\" \/>\n<meta property=\"og:site_name\" content=\"Ready Ventura County\" \/>\n<meta property=\"article:publisher\" content=\"https:\/\/www.facebook.com\/CountyOfVentura\/\" \/>\n<meta property=\"article:modified_time\" content=\"2026-02-18T22:05:51+00:00\" \/>\n<meta property=\"og:image\" content=\"https:\/\/ready.venturacounty.gov\/wp-content\/uploads\/2022\/03\/emergencykit-quickclip.png\" \/>\n<meta name=\"twitter:card\" content=\"summary_large_image\" \/>\n<script type=\"application\/ld+json\" class=\"yoast-schema-graph\">{\"@context\":\"https:\\\/\\\/schema.org\",\"@graph\":[{\"@type\":\"WebPage\",\"@id\":\"https:\\\/\\\/ready.venturacounty.gov\\\/get-involved\\\/\",\"url\":\"https:\\\/\\\/ready.venturacounty.gov\\\/get-involved\\\/\",\"name\":\"Get Involved - Ready Ventura County\",\"isPartOf\":{\"@id\":\"https:\\\/\\\/ready.venturacounty.gov\\\/#website\"},\"primaryImageOfPage\":{\"@id\":\"https:\\\/\\\/ready.venturacounty.gov\\\/get-involved\\\/#primaryimage\"},\"image\":{\"@id\":\"https:\\\/\\\/ready.venturacounty.gov\\\/get-involved\\\/#primaryimage\"},\"thumbnailUrl\":\"https:\\\/\\\/ready.venturacounty.gov\\\/wp-content\\\/uploads\\\/2022\\\/03\\\/emergencykit-quickclip.png\",\"datePublished\":\"2022-04-12T17:07:52+00:00\",\"dateModified\":\"2026-02-18T22:05:51+00:00\",\"breadcrumb\":{\"@id\":\"https:\\\/\\\/ready.venturacounty.gov\\\/get-involved\\\/#breadcrumb\"},\"inLanguage\":\"es-MX\",\"potentialAction\":[{\"@type\":\"ReadAction\",\"target\":[\"https:\\\/\\\/ready.venturacounty.gov\\\/get-involved\\\/\"]}]},{\"@type\":\"ImageObject\",\"inLanguage\":\"es-MX\",\"@id\":\"https:\\\/\\\/ready.venturacounty.gov\\\/get-involved\\\/#primaryimage\",\"url\":\"https:\\\/\\\/ready.venturacounty.gov\\\/wp-content\\\/uploads\\\/2022\\\/03\\\/emergencykit-quickclip.png\",\"contentUrl\":\"https:\\\/\\\/ready.venturacounty.gov\\\/wp-content\\\/uploads\\\/2022\\\/03\\\/emergencykit-quickclip.png\"},{\"@type\":\"BreadcrumbList\",\"@id\":\"https:\\\/\\\/ready.venturacounty.gov\\\/get-involved\\\/#breadcrumb\",\"itemListElement\":[{\"@type\":\"ListItem\",\"position\":1,\"name\":\"Home\",\"item\":\"https:\\\/\\\/ready.venturacounty.gov\\\/\"},{\"@type\":\"ListItem\",\"position\":2,\"name\":\"Get Involved\"}]},{\"@type\":\"WebSite\",\"@id\":\"https:\\\/\\\/ready.venturacounty.gov\\\/#website\",\"url\":\"https:\\\/\\\/ready.venturacounty.gov\\\/\",\"name\":\"Ready Ventura County\",\"description\":\"\",\"publisher\":{\"@id\":\"https:\\\/\\\/ready.venturacounty.gov\\\/#organization\"},\"potentialAction\":[{\"@type\":\"SearchAction\",\"target\":{\"@type\":\"EntryPoint\",\"urlTemplate\":\"https:\\\/\\\/ready.venturacounty.gov\\\/?s={search_term_string}\"},\"query-input\":{\"@type\":\"PropertyValueSpecification\",\"valueRequired\":true,\"valueName\":\"search_term_string\"}}],\"inLanguage\":\"es-MX\"},{\"@type\":\"Organization\",\"@id\":\"https:\\\/\\\/ready.venturacounty.gov\\\/#organization\",\"name\":\"County Of Ventura\",\"url\":\"https:\\\/\\\/ready.venturacounty.gov\\\/\",\"logo\":{\"@type\":\"ImageObject\",\"inLanguage\":\"es-MX\",\"@id\":\"https:\\\/\\\/ready.venturacounty.gov\\\/#\\\/schema\\\/logo\\\/image\\\/\",\"url\":\"https:\\\/\\\/ready.venturacounty.gov\\\/wp-content\\\/uploads\\\/2022\\\/06\\\/VC-Seal-Chosen_Full-Color_052522.png\",\"contentUrl\":\"https:\\\/\\\/ready.venturacounty.gov\\\/wp-content\\\/uploads\\\/2022\\\/06\\\/VC-Seal-Chosen_Full-Color_052522.png\",\"width\":2077,\"height\":2087,\"caption\":\"County Of Ventura\"},\"image\":{\"@id\":\"https:\\\/\\\/ready.venturacounty.gov\\\/#\\\/schema\\\/logo\\\/image\\\/\"},\"sameAs\":[\"https:\\\/\\\/www.facebook.com\\\/CountyOfVentura\\\/\"]}]}<\/script>\n<!-- \/ Yoast SEO plugin. -->","yoast_head_json":{"title":"Get Involved - Ready Ventura County","robots":{"index":"index","follow":"follow","max-snippet":"max-snippet:-1","max-image-preview":"max-image-preview:large","max-video-preview":"max-video-preview:-1"},"canonical":"https:\/\/ready.venturacounty.gov\/es\/wp-json\/wp\/v2\/pages\/3157","og_locale":"es_MX","og_type":"article","og_title":"Get Involved - Ready Ventura County","og_description":"Get Involved &#8220;There is a superhero inside all of us.\u00a0 We just need the courage to put on the cape.&#8221; &#8211; Superman &#8211; Now that you and your loved ones&hellip;","og_url":"https:\/\/ready.venturacounty.gov\/es\/get-involved\/","og_site_name":"Ready Ventura County","article_publisher":"https:\/\/www.facebook.com\/CountyOfVentura\/","article_modified_time":"2026-02-18T22:05:51+00:00","og_image":[{"url":"https:\/\/ready.venturacounty.gov\/wp-content\/uploads\/2022\/03\/emergencykit-quickclip.png","type":"","width":"","height":""}],"twitter_card":"summary_large_image","schema":{"@context":"https:\/\/schema.org","@graph":[{"@type":"WebPage","@id":"https:\/\/ready.venturacounty.gov\/get-involved\/","url":"https:\/\/ready.venturacounty.gov\/get-involved\/","name":"Get Involved - Ready Ventura County","isPartOf":{"@id":"https:\/\/ready.venturacounty.gov\/#website"},"primaryImageOfPage":{"@id":"https:\/\/ready.venturacounty.gov\/get-involved\/#primaryimage"},"image":{"@id":"https:\/\/ready.venturacounty.gov\/get-involved\/#primaryimage"},"thumbnailUrl":"https:\/\/ready.venturacounty.gov\/wp-content\/uploads\/2022\/03\/emergencykit-quickclip.png","datePublished":"2022-04-12T17:07:52+00:00","dateModified":"2026-02-18T22:05:51+00:00","breadcrumb":{"@id":"https:\/\/ready.venturacounty.gov\/get-involved\/#breadcrumb"},"inLanguage":"es-MX","potentialAction":[{"@type":"ReadAction","target":["https:\/\/ready.venturacounty.gov\/get-involved\/"]}]},{"@type":"ImageObject","inLanguage":"es-MX","@id":"https:\/\/ready.venturacounty.gov\/get-involved\/#primaryimage","url":"https:\/\/ready.venturacounty.gov\/wp-content\/uploads\/2022\/03\/emergencykit-quickclip.png","contentUrl":"https:\/\/ready.venturacounty.gov\/wp-content\/uploads\/2022\/03\/emergencykit-quickclip.png"},{"@type":"BreadcrumbList","@id":"https:\/\/ready.venturacounty.gov\/get-involved\/#breadcrumb","itemListElement":[{"@type":"ListItem","position":1,"name":"Home","item":"https:\/\/ready.venturacounty.gov\/"},{"@type":"ListItem","position":2,"name":"Get Involved"}]},{"@type":"WebSite","@id":"https:\/\/ready.venturacounty.gov\/#website","url":"https:\/\/ready.venturacounty.gov\/","name":"Listo Condado de Ventura","description":"","publisher":{"@id":"https:\/\/ready.venturacounty.gov\/#organization"},"potentialAction":[{"@type":"SearchAction","target":{"@type":"EntryPoint","urlTemplate":"https:\/\/ready.venturacounty.gov\/?s={search_term_string}"},"query-input":{"@type":"PropertyValueSpecification","valueRequired":true,"valueName":"search_term_string"}}],"inLanguage":"es-MX"},{"@type":"Organization","@id":"https:\/\/ready.venturacounty.gov\/#organization","name":"County Of Ventura","url":"https:\/\/ready.venturacounty.gov\/","logo":{"@type":"ImageObject","inLanguage":"es-MX","@id":"https:\/\/ready.venturacounty.gov\/#\/schema\/logo\/image\/","url":"https:\/\/ready.venturacounty.gov\/wp-content\/uploads\/2022\/06\/VC-Seal-Chosen_Full-Color_052522.png","contentUrl":"https:\/\/ready.venturacounty.gov\/wp-content\/uploads\/2022\/06\/VC-Seal-Chosen_Full-Color_052522.png","width":2077,"height":2087,"caption":"County Of Ventura"},"image":{"@id":"https:\/\/ready.venturacounty.gov\/#\/schema\/logo\/image\/"},"sameAs":["https:\/\/www.facebook.com\/CountyOfVentura\/"]}]}},"_links":{"self":[{"href":"https:\/\/ready.venturacounty.gov\/es\/wp-json\/wp\/v2\/pages\/3157","targetHints":{"allow":["GET"]}}],"collection":[{"href":"https:\/\/ready.venturacounty.gov\/es\/wp-json\/wp\/v2\/pages"}],"about":[{"href":"https:\/\/ready.venturacounty.gov\/es\/wp-json\/wp\/v2\/types\/page"}],"author":[{"embeddable":true,"href":"https:\/\/ready.venturacounty.gov\/es\/wp-json\/wp\/v2\/users\/1"}],"replies":[{"embeddable":true,"href":"https:\/\/ready.venturacounty.gov\/es\/wp-json\/wp\/v2\/comments?post=3157"}],"version-history":[{"count":0,"href":"https:\/\/ready.venturacounty.gov\/es\/wp-json\/wp\/v2\/pages\/3157\/revisions"}],"wp:attachment":[{"href":"https:\/\/ready.venturacounty.gov\/es\/wp-json\/wp\/v2\/media?parent=3157"}],"curies":[{"name":"wp","href":"https:\/\/api.w.org\/{rel}","templated":true}]}}