{"id":3151,"date":"2022-04-12T09:49:44","date_gmt":"2022-04-12T16:49:44","guid":{"rendered":"https:\/\/ready.venturacounty.gov\/?page_id=3151"},"modified":"2025-12-15T07:57:03","modified_gmt":"2025-12-15T15:57:03","slug":"prepare","status":"publish","type":"page","link":"https:\/\/ready.venturacounty.gov\/es\/prepare\/","title":{"rendered":"Preparar"},"content":{"rendered":"<h1>\n\t\t\tPreparar\t<\/h1>\n<h1>\n\t\t\tRecursos\t<\/h1>\n\t<p><a href=\"https:\/\/ready.venturacounty.gov\/wp-content\/uploads\/2023\/12\/Ventura-County-Disaster-Preparedness.mp3\" target=\"_blank\" rel=\"noopener\">Gu\u00eda de preparaci\u00f3n para desastres del condado de Ventura \u2013 Archivo de audio<\/a><\/p>\n<p><a href=\"https:\/\/s29710.pcdn.co\/wp-content\/uploads\/2019\/08\/Basic-Emergency-Supply-Kit_WhBkg_ENG_081919.jpg\" target=\"_blank\" rel=\"noopener\">Lista de suministros de emergencia<\/a><\/p>\n<p><a href=\"https:\/\/s29710.pcdn.co\/wp-content\/uploads\/2018\/05\/Preparing-Make-Sense-Brochure.pdf\" target=\"\" rel=\"noopener noreferrer\">Preparaci\u00f3n del folleto Make Sense<\/a><\/p>\n<p><a href=\"https:\/\/s29710.pcdn.co\/wp-content\/uploads\/2018\/05\/Preparing-Make-Sense-Handout-English.pdf\" target=\"_blank\" rel=\"noopener noreferrer\">Preparaci\u00f3n del folleto Make Sense<\/a><\/p>\n<p><a href=\"https:\/\/www.ready.gov\/ready-your-language\" target=\"_blank\" rel=\"noopener\">Listo en tu idioma<\/a><\/p>\n<p><a href=\"https:\/\/ready.venturacounty.gov\/wp-content\/uploads\/2023\/12\/Ventura-County-Disaster-Preparedness-Guide-Spanish.mp3\" target=\"_blank\" rel=\"noopener\">Gu\u00eda de preparaci\u00f3n para desastres \u2013 archivo de audio<\/a><\/p>\n<p><a href=\"https:\/\/ready.venturacounty.gov\/wp-content\/uploads\/2023\/08\/ReadyVC_PreparednessGuide_5.5x8_FINALHR_SpanishOnlysm.pdf\" target=\"_blank\" rel=\"noopener\">Gu\u00eda de Preparaci\u00f3n para Desastres<\/a><\/p>\n<p><a href=\"https:\/\/ready.venturacounty.gov\/wp-content\/uploads\/2022\/05\/Basic-Emergency-Supply-Kit_WhBkg_SPA_081919-scaled.jpg\" target=\"_blank\" rel=\"noopener\">Lista de suministros de emergencia<\/a><\/p>\n<p><a href=\"https:\/\/ready.venturacounty.gov\/wp-content\/uploads\/2022\/05\/Preparing-Make-Sense-Brochure-Spanish.pdf\" target=\"_blank\" rel=\"noopener\">Prepararse tiene sentido<\/a><\/p>\n<p><a href=\"https:\/\/www.ready.gov\/es\" target=\"_blank\" rel=\"noopener\">Listo.gov<\/a><\/p>\n<p><a href=\"https:\/\/www.listoscalifornia.org\/disaster-readiness\/\">Listos California<\/a><\/p>\n<p><a href=\"https:\/\/www.listoscalifornia.org\/resources\/\">Centro de recursos multiling\u00fces de Listos, California<\/a><\/p>\n\t<p>Durante una emergencia, puede ser un h\u00e9roe para sus seres queridos con unos simples pasos. Entonces, mientras los h\u00e9roes de la seguridad p\u00fablica saltan desde edificios altos, puedes cuidar a tu familia de un solo salto.<\/p>\n<p>Los servicios p\u00fablicos y b\u00e1sicos podr\u00edan verse interrumpidos por un tiempo. Evita un desastre personal reuniendo estos art\u00edculos con anticipaci\u00f3n. Para construir un kit de emergencia para mantener a su familia durante al menos TRES d\u00edas. Esto es lo que necesitar\u00e1:<\/p>\n<h2>\n\t\t\tElementos recomendados para incluir en un\t<\/h2>\n<h1>\n\t\t\tKit b\u00e1sico de suministros de emergencia:\t<\/h1>\n\t<ul>\n<li>Agua, un gal\u00f3n de agua por persona por d\u00eda durante al menos tres d\u00edas, para beber y saneamiento<\/li>\n<li>Alimentos, al menos un suministro de tres d\u00edas de alimentos no perecederos<\/li>\n<li>Radio a bater\u00eda o de manivela y radio meteorol\u00f3gica NOAA con alerta de tono y bater\u00edas adicionales para ambos<\/li>\n<li>Linterna y bater\u00edas adicionales, o una linterna de manivela<\/li>\n<li>Kit de primeros auxilios<\/li>\n<li>Silbato para pedir ayuda<\/li>\n<li>Mascarilla contra el polvo, para ayudar a filtrar el aire contaminado y l\u00e1minas de pl\u00e1stico y cinta adhesiva para refugiarse en el lugar<\/li>\n<li>Toallitas h\u00famedas, bolsas de basura y lazos de pl\u00e1stico para el saneamiento personal<\/li>\n<li>Llave inglesa o alicates para apagar los servicios p\u00fablicos<\/li>\n<li>Abrelatas para comida (si el kit contiene comida enlatada)<\/li>\n<li>mapas locales<\/li>\n<li>Celular con cargadores, inversor o cargador solar<\/li>\n<\/ul>\n<h2>\n\t\t\tConsejos profesionales:\t<\/h2>\n\t<ul>\n<li>\u00bfEn un presupuesto? No hay problema. Muchos de estos art\u00edculos se pueden encontrar en las tiendas de d\u00f3lar locales.<\/li>\n<li>Use una mochila vieja o recorra las ventas de garaje y las tiendas locales de segunda mano para obtener una bolsa econ\u00f3mica para guardar su equipo.<\/li>\n<li>Mientras lo hace, haga otro kit para su veh\u00edculo, lugar de trabajo o escuela.<\/li>\n<\/ul>\n<h2>\n\t\t\tEncuentre m\u00e1s consejos sobre preparaci\u00f3n aqu\u00ed:\t<\/h2>\n<h1>\n\t\t\tGu\u00eda de preparaci\u00f3n para desastres\t<\/h1>\n\t<iframe loading=\"lazy\" src=\"https:\/\/indd.adobe.com\/embed\/0520b5f7-7fef-468e-ae59-71be336871da?startpage=1&#038;allowFullscreen=true\" width=\"1080px\" height=\"766px\" frameborder=\"0\" allowfullscreen=\"\"><\/iframe>\n\t\t\t<a href=\"https:\/\/ready.venturacounty.gov\/wp-content\/uploads\/2023\/08\/ReadyVC_PreparednessGuide_5.5x8_FINALHR_EnglishOnlysm.pdf\" target=\"_blank\" rel=\"noopener\">\n\t\t\t\t\t\tDescargar gu\u00eda de preparaci\u00f3n\n\t\t\t\t\t<\/a>\n\t\t\t<a href=\"https:\/\/ready.venturacounty.gov\/wp-content\/uploads\/2023\/08\/ReadyVC_PreparednessGuide_5.5x8_FINALHR_SpanishOnlysm.pdf\" target=\"_blank\" rel=\"noopener\">\n\t\t\t\t\t\tDescargar la Gu\u00eda de Preparaci\u00f3n en Espa\u00f1ol\n\t\t\t\t\t<\/a>\n\t\t\t<a href=\"https:\/\/ready.venturacounty.gov\/wp-content\/uploads\/2022\/12\/ReadyVC_BuildAKit_8.5x11.pdf\" target=\"_blank\" rel=\"noopener\">\n\t\t\t\t\t\tDescargar la lista de verificaci\u00f3n del kit de emergencia\n\t\t\t\t\t<\/a>\n\t\t\t<a href=\"https:\/\/ready.venturacounty.gov\/wp-content\/uploads\/2025\/12\/ArmeunKit8.5-x-11-Letter.pdf\" target=\"_blank\" rel=\"noopener\">\n\t\t\t\t\t\tDescargar Lista del Equipo de Emergencia\n\t\t\t\t\t<\/a>","protected":false},"excerpt":{"rendered":"<p>Prepare Resources Gu\u00eda de preparaci\u00f3n para desastres del condado de Ventura - Archivo de audio Lista de suministros de emergencia Preparaci\u00f3n del folleto Make Sense Preparaci\u00f3n del folleto Make Sense Listo en su idioma Gu\u00eda de preparaci\u00f3n para desastres...<\/p>","protected":false},"author":1,"featured_media":0,"parent":0,"menu_order":0,"comment_status":"closed","ping_status":"closed","template":"","meta":{"footnotes":""},"class_list":["post-3151","page","type-page","status-publish","hentry"],"yoast_head":"<!-- This site is optimized with the Yoast SEO plugin v27.5 - https:\/\/yoast.com\/product\/yoast-seo-wordpress\/ -->\n<title>Prepare - Ready Ventura County<\/title>\n<meta name=\"robots\" content=\"index, follow, max-snippet:-1, max-image-preview:large, max-video-preview:-1\" \/>\n<link rel=\"canonical\" href=\"https:\/\/ready.venturacounty.gov\/es\/wp-json\/wp\/v2\/pages\/3151\" \/>\n<meta property=\"og:locale\" content=\"es_MX\" \/>\n<meta property=\"og:type\" content=\"article\" \/>\n<meta property=\"og:title\" content=\"Prepare - Ready Ventura County\" \/>\n<meta property=\"og:description\" content=\"Prepare Resources Ventura County Disaster Preparedness Guide &#8211; Audio File Emergency Supply List Preparing Make Sense Brochure Preparing Make Sense Handout Ready in Your Language Gu\u00eda de preparaci\u00f3n para disastres&hellip;\" \/>\n<meta property=\"og:url\" content=\"https:\/\/ready.venturacounty.gov\/es\/prepare\/\" \/>\n<meta property=\"og:site_name\" content=\"Ready Ventura County\" \/>\n<meta property=\"article:publisher\" content=\"https:\/\/www.facebook.com\/CountyOfVentura\/\" \/>\n<meta property=\"article:modified_time\" content=\"2025-12-15T15:57:03+00:00\" \/>\n<meta name=\"twitter:card\" content=\"summary_large_image\" \/>\n<meta name=\"twitter:label1\" content=\"Tiempo de lectura\" \/>\n\t<meta name=\"twitter:data1\" content=\"2 minutos\" \/>\n<script type=\"application\/ld+json\" class=\"yoast-schema-graph\">{\"@context\":\"https:\\\/\\\/schema.org\",\"@graph\":[{\"@type\":\"WebPage\",\"@id\":\"https:\\\/\\\/ready.venturacounty.gov\\\/prepare\\\/\",\"url\":\"https:\\\/\\\/ready.venturacounty.gov\\\/prepare\\\/\",\"name\":\"Prepare - Ready Ventura County\",\"isPartOf\":{\"@id\":\"https:\\\/\\\/ready.venturacounty.gov\\\/#website\"},\"datePublished\":\"2022-04-12T16:49:44+00:00\",\"dateModified\":\"2025-12-15T15:57:03+00:00\",\"breadcrumb\":{\"@id\":\"https:\\\/\\\/ready.venturacounty.gov\\\/prepare\\\/#breadcrumb\"},\"inLanguage\":\"es-MX\",\"potentialAction\":[{\"@type\":\"ReadAction\",\"target\":[\"https:\\\/\\\/ready.venturacounty.gov\\\/prepare\\\/\"]}]},{\"@type\":\"BreadcrumbList\",\"@id\":\"https:\\\/\\\/ready.venturacounty.gov\\\/prepare\\\/#breadcrumb\",\"itemListElement\":[{\"@type\":\"ListItem\",\"position\":1,\"name\":\"Home\",\"item\":\"https:\\\/\\\/ready.venturacounty.gov\\\/\"},{\"@type\":\"ListItem\",\"position\":2,\"name\":\"Prepare\"}]},{\"@type\":\"WebSite\",\"@id\":\"https:\\\/\\\/ready.venturacounty.gov\\\/#website\",\"url\":\"https:\\\/\\\/ready.venturacounty.gov\\\/\",\"name\":\"Ready Ventura County\",\"description\":\"\",\"publisher\":{\"@id\":\"https:\\\/\\\/ready.venturacounty.gov\\\/#organization\"},\"potentialAction\":[{\"@type\":\"SearchAction\",\"target\":{\"@type\":\"EntryPoint\",\"urlTemplate\":\"https:\\\/\\\/ready.venturacounty.gov\\\/?s={search_term_string}\"},\"query-input\":{\"@type\":\"PropertyValueSpecification\",\"valueRequired\":true,\"valueName\":\"search_term_string\"}}],\"inLanguage\":\"es-MX\"},{\"@type\":\"Organization\",\"@id\":\"https:\\\/\\\/ready.venturacounty.gov\\\/#organization\",\"name\":\"County Of Ventura\",\"url\":\"https:\\\/\\\/ready.venturacounty.gov\\\/\",\"logo\":{\"@type\":\"ImageObject\",\"inLanguage\":\"es-MX\",\"@id\":\"https:\\\/\\\/ready.venturacounty.gov\\\/#\\\/schema\\\/logo\\\/image\\\/\",\"url\":\"https:\\\/\\\/ready.venturacounty.gov\\\/wp-content\\\/uploads\\\/2022\\\/06\\\/VC-Seal-Chosen_Full-Color_052522.png\",\"contentUrl\":\"https:\\\/\\\/ready.venturacounty.gov\\\/wp-content\\\/uploads\\\/2022\\\/06\\\/VC-Seal-Chosen_Full-Color_052522.png\",\"width\":2077,\"height\":2087,\"caption\":\"County Of Ventura\"},\"image\":{\"@id\":\"https:\\\/\\\/ready.venturacounty.gov\\\/#\\\/schema\\\/logo\\\/image\\\/\"},\"sameAs\":[\"https:\\\/\\\/www.facebook.com\\\/CountyOfVentura\\\/\"]}]}<\/script>\n<!-- \/ Yoast SEO plugin. -->","yoast_head_json":{"title":"Prepare - Ready Ventura County","robots":{"index":"index","follow":"follow","max-snippet":"max-snippet:-1","max-image-preview":"max-image-preview:large","max-video-preview":"max-video-preview:-1"},"canonical":"https:\/\/ready.venturacounty.gov\/es\/wp-json\/wp\/v2\/pages\/3151","og_locale":"es_MX","og_type":"article","og_title":"Prepare - Ready Ventura County","og_description":"Prepare Resources Ventura County Disaster Preparedness Guide &#8211; Audio File Emergency Supply List Preparing Make Sense Brochure Preparing Make Sense Handout Ready in Your Language Gu\u00eda de preparaci\u00f3n para disastres&hellip;","og_url":"https:\/\/ready.venturacounty.gov\/es\/prepare\/","og_site_name":"Ready Ventura County","article_publisher":"https:\/\/www.facebook.com\/CountyOfVentura\/","article_modified_time":"2025-12-15T15:57:03+00:00","twitter_card":"summary_large_image","twitter_misc":{"Tiempo de lectura":"2 minutos"},"schema":{"@context":"https:\/\/schema.org","@graph":[{"@type":"WebPage","@id":"https:\/\/ready.venturacounty.gov\/prepare\/","url":"https:\/\/ready.venturacounty.gov\/prepare\/","name":"Prepare - Ready Ventura County","isPartOf":{"@id":"https:\/\/ready.venturacounty.gov\/#website"},"datePublished":"2022-04-12T16:49:44+00:00","dateModified":"2025-12-15T15:57:03+00:00","breadcrumb":{"@id":"https:\/\/ready.venturacounty.gov\/prepare\/#breadcrumb"},"inLanguage":"es-MX","potentialAction":[{"@type":"ReadAction","target":["https:\/\/ready.venturacounty.gov\/prepare\/"]}]},{"@type":"BreadcrumbList","@id":"https:\/\/ready.venturacounty.gov\/prepare\/#breadcrumb","itemListElement":[{"@type":"ListItem","position":1,"name":"Home","item":"https:\/\/ready.venturacounty.gov\/"},{"@type":"ListItem","position":2,"name":"Prepare"}]},{"@type":"WebSite","@id":"https:\/\/ready.venturacounty.gov\/#website","url":"https:\/\/ready.venturacounty.gov\/","name":"Listo Condado de Ventura","description":"","publisher":{"@id":"https:\/\/ready.venturacounty.gov\/#organization"},"potentialAction":[{"@type":"SearchAction","target":{"@type":"EntryPoint","urlTemplate":"https:\/\/ready.venturacounty.gov\/?s={search_term_string}"},"query-input":{"@type":"PropertyValueSpecification","valueRequired":true,"valueName":"search_term_string"}}],"inLanguage":"es-MX"},{"@type":"Organization","@id":"https:\/\/ready.venturacounty.gov\/#organization","name":"County Of Ventura","url":"https:\/\/ready.venturacounty.gov\/","logo":{"@type":"ImageObject","inLanguage":"es-MX","@id":"https:\/\/ready.venturacounty.gov\/#\/schema\/logo\/image\/","url":"https:\/\/ready.venturacounty.gov\/wp-content\/uploads\/2022\/06\/VC-Seal-Chosen_Full-Color_052522.png","contentUrl":"https:\/\/ready.venturacounty.gov\/wp-content\/uploads\/2022\/06\/VC-Seal-Chosen_Full-Color_052522.png","width":2077,"height":2087,"caption":"County Of Ventura"},"image":{"@id":"https:\/\/ready.venturacounty.gov\/#\/schema\/logo\/image\/"},"sameAs":["https:\/\/www.facebook.com\/CountyOfVentura\/"]}]}},"_links":{"self":[{"href":"https:\/\/ready.venturacounty.gov\/es\/wp-json\/wp\/v2\/pages\/3151","targetHints":{"allow":["GET"]}}],"collection":[{"href":"https:\/\/ready.venturacounty.gov\/es\/wp-json\/wp\/v2\/pages"}],"about":[{"href":"https:\/\/ready.venturacounty.gov\/es\/wp-json\/wp\/v2\/types\/page"}],"author":[{"embeddable":true,"href":"https:\/\/ready.venturacounty.gov\/es\/wp-json\/wp\/v2\/users\/1"}],"replies":[{"embeddable":true,"href":"https:\/\/ready.venturacounty.gov\/es\/wp-json\/wp\/v2\/comments?post=3151"}],"version-history":[{"count":0,"href":"https:\/\/ready.venturacounty.gov\/es\/wp-json\/wp\/v2\/pages\/3151\/revisions"}],"wp:attachment":[{"href":"https:\/\/ready.venturacounty.gov\/es\/wp-json\/wp\/v2\/media?parent=3151"}],"curies":[{"name":"wp","href":"https:\/\/api.w.org\/{rel}","templated":true}]}}