{"id":3145,"date":"2022-04-11T16:29:19","date_gmt":"2022-04-11T23:29:19","guid":{"rendered":"https:\/\/ready.venturacounty.gov\/?page_id=3145"},"modified":"2026-02-23T13:54:38","modified_gmt":"2026-02-23T21:54:38","slug":"plan","status":"publish","type":"page","link":"https:\/\/ready.venturacounty.gov\/es\/plan\/","title":{"rendered":"Haga un plan"},"content":{"rendered":"<h1>\n\t\t\tHaga un plan\t<\/h1>\n\t<p>Los desastres pueden ocurrir en cualquier momento del d\u00eda y es posible que los miembros de su familia no est\u00e9n juntos. No dejes que la falta de planificaci\u00f3n sea el villano en tu historia de h\u00e9roe. Siga estos consejos para mantenerse preparado y conectado.<\/p>\n\t\t<h2>\n\t\t\tPlan de Emergencia Familiar\n\t\t<\/h2>\n\t<ul>\n<li>Reg\u00edstrese para\u00a0<a href=\"https:\/\/member.everbridge.net\/1772417038942453\/new\" target=\"_blank\" rel=\"noopener\" data-uw-rm-brl=\"PR\" data-uw-original-href=\"https:\/\/member.everbridge.net\/1772417038942453\/new\" aria-label=\"VC Alert Emergency Notification System - open in a new tab\" data-uw-rm-ext-link=\"\"><strong>Sistema de notificaci\u00f3n de emergencia VC Alert<\/strong><\/a>\u00a0para mantenerse informado durante las emergencias.<\/li>\n<li>Favorito\u00a0<strong><a href=\"https:\/\/emergency.venturacounty.gov\/\" target=\"_blank\" rel=\"noopener\" data-uw-rm-brl=\"PR\" data-uw-original-href=\"https:\/\/emergency.venturacounty.gov\/\" aria-label=\"vcemergency.com - open in a new tab\" data-uw-rm-ext-link=\"\">vcemergency.com<\/a>\u00a0<\/strong>como un recurso confiable para obtener informaci\u00f3n de emergencia.<\/li>\n<li>Establezca un lugar de encuentro familiar y accesible para los miembros de la familia.<\/li>\n<li>Mantenga una lista de n\u00fameros de tel\u00e9fono de contacto. Memorizar n\u00fameros de tel\u00e9fono ya no es un lugar com\u00fan. Escr\u00edbalos y t\u00e9ngalos a mano.\n<ul>\n<li>Incluya contactos fuera de la ciudad como punto central de los informes de seguridad. Las llamadas de larga distancia pueden ser m\u00e1s confiables.<\/li>\n<li>Recuerde que los mensajes de texto SMS pueden funcionar cuando las llamadas telef\u00f3nicas no funcionan.<\/li>\n<\/ul>\n<\/li>\n<li>Cree una red personal de ayudantes para satisfacer sus necesidades espec\u00edficas. P\u00eddeles a tus amigos y vecinos que te ayuden con los ni\u00f1os, las mascotas u otras personas que necesiten ayuda en tu hogar.<\/li>\n<li>Inf\u00f3rmese sobre los planes de emergencia donde usted y su familia pasan tiempo.<\/li>\n<\/ul>\n<p>Descargar y llenar un\u00a0<strong><a href=\"https:\/\/ready.venturacounty.gov\/wp-content\/uploads\/2025\/09\/ARC_Family_Disaster_Plan_Template_r083012.cleaned.pdf\" target=\"_blank\" rel=\"noopener\" aria-label=\"Family Emergency Plan - open in a new tab\" data-uw-rm-ext-link=\"\" data-uw-pdf-br=\"1\" data-uw-pdf-doc=\"\">Plan de Emergencia Familiar<\/a><\/strong> o util\u00edcelo como gu\u00eda para crear el suyo propio.<\/p>\n\t\t\t<a href=\"https:\/\/ready.venturacounty.gov\/wp-content\/uploads\/2025\/09\/ARC_Family_Disaster_Plan_Template_r083012.cleaned.pdf\"  target=\"_blank\" rel=\"noopener\">\n\t\t\t\t\t\tDescargar Plan de Emergencia Familiar\n\t\t\t\t\t<\/a>\n\t\t\t<a href=\"https:\/\/ready.venturacounty.gov\/wp-content\/uploads\/2022\/05\/Family-Communication-Card.pdf\"  target=\"_blank\" rel=\"noopener\">\n\t\t\t\t\t\tDescarga la Tarjeta de Comunicaci\u00f3n Familiar\n\t\t\t\t\t<\/a>\n<figure itemscope itemtype=\"https:\/\/schema.org\/ImageObject\">\n\t\t\t\t<img decoding=\"async\" src=\"https:\/\/ready.venturacounty.gov\/wp-content\/uploads\/2022\/04\/elderly-woman-and-helper.jpg\" alt=\"Family Emergency Plan\" height=\"1040\" width=\"800\" onerror=\"this.style.display='none'\" loading=\"lazy\" \/>\n\t<\/figure>\n<figure data-animation-delay=\"0\" data-animation-duration=\"2\" itemscope itemtype=\"https:\/\/schema.org\/ImageObject\">\n\t\t\t\t<img decoding=\"async\" src=\"https:\/\/ready.venturacounty.gov\/wp-content\/uploads\/2022\/03\/emergencykit-quickclip.png\" alt=\"Emergency Kit\" height=\"1190\" width=\"1500\" onerror=\"this.style.display='none'\" loading=\"lazy\" \/>\n\t<\/figure>\n\t\t<h2>\n\t\t\tComience con su kit de emergencia\n\t\t<\/h2>\n\t<p>\u00a1No espere hasta que ocurra una emergencia, cuando sea demasiado tarde! Ready Ventura County le facilita la creaci\u00f3n de un kit adecuado para su hogar. Utilice nuestro generador de planes para comenzar hoy.<\/p>\n\t\t\t<a href=\"https:\/\/ready.venturacounty.gov\/es\/prepare\/\"  target=\"_self\">\n\t\t\t\t\t\t\tCONSTRUYE TU EQUIPO\n\t\t\t\t\t<\/a>","protected":false},"excerpt":{"rendered":"<p>Haga un plan Los desastres pueden ocurrir en cualquier momento del d\u00eda y es posible que los miembros de su familia no est\u00e9n juntos. No dejes que la falta de planificaci\u00f3n sea el villano...<\/p>","protected":false},"author":1,"featured_media":0,"parent":0,"menu_order":0,"comment_status":"closed","ping_status":"closed","template":"","meta":{"footnotes":""},"class_list":["post-3145","page","type-page","status-publish","hentry"],"yoast_head":"<!-- This site is optimized with the Yoast SEO plugin v27.5 - https:\/\/yoast.com\/product\/yoast-seo-wordpress\/ -->\n<title>Make a Plan - Ready Ventura County<\/title>\n<meta name=\"robots\" content=\"index, follow, max-snippet:-1, max-image-preview:large, max-video-preview:-1\" \/>\n<link rel=\"canonical\" href=\"https:\/\/ready.venturacounty.gov\/es\/wp-json\/wp\/v2\/pages\/3145\" \/>\n<meta property=\"og:locale\" content=\"es_MX\" \/>\n<meta property=\"og:type\" content=\"article\" \/>\n<meta property=\"og:title\" content=\"Make a Plan - Ready Ventura County\" \/>\n<meta property=\"og:description\" content=\"Make a Plan Disasters can strike at any time of day, and it is possible your family members might not be together.\u00a0 Don&#8217;t let lack of planning be the villain&hellip;\" \/>\n<meta property=\"og:url\" content=\"https:\/\/ready.venturacounty.gov\/es\/plan\/\" \/>\n<meta property=\"og:site_name\" content=\"Ready Ventura County\" \/>\n<meta property=\"article:publisher\" content=\"https:\/\/www.facebook.com\/CountyOfVentura\/\" \/>\n<meta property=\"article:modified_time\" content=\"2026-02-23T21:54:38+00:00\" \/>\n<meta property=\"og:image\" content=\"https:\/\/ready.venturacounty.gov\/wp-content\/uploads\/2022\/04\/elderly-woman-and-helper.jpg\" \/>\n<meta name=\"twitter:card\" content=\"summary_large_image\" \/>\n<script type=\"application\/ld+json\" class=\"yoast-schema-graph\">{\"@context\":\"https:\\\/\\\/schema.org\",\"@graph\":[{\"@type\":\"WebPage\",\"@id\":\"https:\\\/\\\/ready.venturacounty.gov\\\/plan\\\/\",\"url\":\"https:\\\/\\\/ready.venturacounty.gov\\\/plan\\\/\",\"name\":\"Make a Plan - Ready Ventura County\",\"isPartOf\":{\"@id\":\"https:\\\/\\\/ready.venturacounty.gov\\\/#website\"},\"primaryImageOfPage\":{\"@id\":\"https:\\\/\\\/ready.venturacounty.gov\\\/plan\\\/#primaryimage\"},\"image\":{\"@id\":\"https:\\\/\\\/ready.venturacounty.gov\\\/plan\\\/#primaryimage\"},\"thumbnailUrl\":\"https:\\\/\\\/ready.venturacounty.gov\\\/wp-content\\\/uploads\\\/2022\\\/04\\\/elderly-woman-and-helper.jpg\",\"datePublished\":\"2022-04-11T23:29:19+00:00\",\"dateModified\":\"2026-02-23T21:54:38+00:00\",\"breadcrumb\":{\"@id\":\"https:\\\/\\\/ready.venturacounty.gov\\\/plan\\\/#breadcrumb\"},\"inLanguage\":\"es-MX\",\"potentialAction\":[{\"@type\":\"ReadAction\",\"target\":[\"https:\\\/\\\/ready.venturacounty.gov\\\/plan\\\/\"]}]},{\"@type\":\"ImageObject\",\"inLanguage\":\"es-MX\",\"@id\":\"https:\\\/\\\/ready.venturacounty.gov\\\/plan\\\/#primaryimage\",\"url\":\"https:\\\/\\\/ready.venturacounty.gov\\\/wp-content\\\/uploads\\\/2022\\\/04\\\/elderly-woman-and-helper.jpg\",\"contentUrl\":\"https:\\\/\\\/ready.venturacounty.gov\\\/wp-content\\\/uploads\\\/2022\\\/04\\\/elderly-woman-and-helper.jpg\"},{\"@type\":\"BreadcrumbList\",\"@id\":\"https:\\\/\\\/ready.venturacounty.gov\\\/plan\\\/#breadcrumb\",\"itemListElement\":[{\"@type\":\"ListItem\",\"position\":1,\"name\":\"Home\",\"item\":\"https:\\\/\\\/ready.venturacounty.gov\\\/\"},{\"@type\":\"ListItem\",\"position\":2,\"name\":\"Make a Plan\"}]},{\"@type\":\"WebSite\",\"@id\":\"https:\\\/\\\/ready.venturacounty.gov\\\/#website\",\"url\":\"https:\\\/\\\/ready.venturacounty.gov\\\/\",\"name\":\"Ready Ventura County\",\"description\":\"\",\"publisher\":{\"@id\":\"https:\\\/\\\/ready.venturacounty.gov\\\/#organization\"},\"potentialAction\":[{\"@type\":\"SearchAction\",\"target\":{\"@type\":\"EntryPoint\",\"urlTemplate\":\"https:\\\/\\\/ready.venturacounty.gov\\\/?s={search_term_string}\"},\"query-input\":{\"@type\":\"PropertyValueSpecification\",\"valueRequired\":true,\"valueName\":\"search_term_string\"}}],\"inLanguage\":\"es-MX\"},{\"@type\":\"Organization\",\"@id\":\"https:\\\/\\\/ready.venturacounty.gov\\\/#organization\",\"name\":\"County Of Ventura\",\"url\":\"https:\\\/\\\/ready.venturacounty.gov\\\/\",\"logo\":{\"@type\":\"ImageObject\",\"inLanguage\":\"es-MX\",\"@id\":\"https:\\\/\\\/ready.venturacounty.gov\\\/#\\\/schema\\\/logo\\\/image\\\/\",\"url\":\"https:\\\/\\\/ready.venturacounty.gov\\\/wp-content\\\/uploads\\\/2022\\\/06\\\/VC-Seal-Chosen_Full-Color_052522.png\",\"contentUrl\":\"https:\\\/\\\/ready.venturacounty.gov\\\/wp-content\\\/uploads\\\/2022\\\/06\\\/VC-Seal-Chosen_Full-Color_052522.png\",\"width\":2077,\"height\":2087,\"caption\":\"County Of Ventura\"},\"image\":{\"@id\":\"https:\\\/\\\/ready.venturacounty.gov\\\/#\\\/schema\\\/logo\\\/image\\\/\"},\"sameAs\":[\"https:\\\/\\\/www.facebook.com\\\/CountyOfVentura\\\/\"]}]}<\/script>\n<!-- \/ Yoast SEO plugin. -->","yoast_head_json":{"title":"Make a Plan - Ready Ventura County","robots":{"index":"index","follow":"follow","max-snippet":"max-snippet:-1","max-image-preview":"max-image-preview:large","max-video-preview":"max-video-preview:-1"},"canonical":"https:\/\/ready.venturacounty.gov\/es\/wp-json\/wp\/v2\/pages\/3145","og_locale":"es_MX","og_type":"article","og_title":"Make a Plan - Ready Ventura County","og_description":"Make a Plan Disasters can strike at any time of day, and it is possible your family members might not be together.\u00a0 Don&#8217;t let lack of planning be the villain&hellip;","og_url":"https:\/\/ready.venturacounty.gov\/es\/plan\/","og_site_name":"Ready Ventura County","article_publisher":"https:\/\/www.facebook.com\/CountyOfVentura\/","article_modified_time":"2026-02-23T21:54:38+00:00","og_image":[{"url":"https:\/\/ready.venturacounty.gov\/wp-content\/uploads\/2022\/04\/elderly-woman-and-helper.jpg","type":"","width":"","height":""}],"twitter_card":"summary_large_image","schema":{"@context":"https:\/\/schema.org","@graph":[{"@type":"WebPage","@id":"https:\/\/ready.venturacounty.gov\/plan\/","url":"https:\/\/ready.venturacounty.gov\/plan\/","name":"Make a Plan - Ready Ventura County","isPartOf":{"@id":"https:\/\/ready.venturacounty.gov\/#website"},"primaryImageOfPage":{"@id":"https:\/\/ready.venturacounty.gov\/plan\/#primaryimage"},"image":{"@id":"https:\/\/ready.venturacounty.gov\/plan\/#primaryimage"},"thumbnailUrl":"https:\/\/ready.venturacounty.gov\/wp-content\/uploads\/2022\/04\/elderly-woman-and-helper.jpg","datePublished":"2022-04-11T23:29:19+00:00","dateModified":"2026-02-23T21:54:38+00:00","breadcrumb":{"@id":"https:\/\/ready.venturacounty.gov\/plan\/#breadcrumb"},"inLanguage":"es-MX","potentialAction":[{"@type":"ReadAction","target":["https:\/\/ready.venturacounty.gov\/plan\/"]}]},{"@type":"ImageObject","inLanguage":"es-MX","@id":"https:\/\/ready.venturacounty.gov\/plan\/#primaryimage","url":"https:\/\/ready.venturacounty.gov\/wp-content\/uploads\/2022\/04\/elderly-woman-and-helper.jpg","contentUrl":"https:\/\/ready.venturacounty.gov\/wp-content\/uploads\/2022\/04\/elderly-woman-and-helper.jpg"},{"@type":"BreadcrumbList","@id":"https:\/\/ready.venturacounty.gov\/plan\/#breadcrumb","itemListElement":[{"@type":"ListItem","position":1,"name":"Home","item":"https:\/\/ready.venturacounty.gov\/"},{"@type":"ListItem","position":2,"name":"Make a Plan"}]},{"@type":"WebSite","@id":"https:\/\/ready.venturacounty.gov\/#website","url":"https:\/\/ready.venturacounty.gov\/","name":"Listo Condado de Ventura","description":"","publisher":{"@id":"https:\/\/ready.venturacounty.gov\/#organization"},"potentialAction":[{"@type":"SearchAction","target":{"@type":"EntryPoint","urlTemplate":"https:\/\/ready.venturacounty.gov\/?s={search_term_string}"},"query-input":{"@type":"PropertyValueSpecification","valueRequired":true,"valueName":"search_term_string"}}],"inLanguage":"es-MX"},{"@type":"Organization","@id":"https:\/\/ready.venturacounty.gov\/#organization","name":"County Of Ventura","url":"https:\/\/ready.venturacounty.gov\/","logo":{"@type":"ImageObject","inLanguage":"es-MX","@id":"https:\/\/ready.venturacounty.gov\/#\/schema\/logo\/image\/","url":"https:\/\/ready.venturacounty.gov\/wp-content\/uploads\/2022\/06\/VC-Seal-Chosen_Full-Color_052522.png","contentUrl":"https:\/\/ready.venturacounty.gov\/wp-content\/uploads\/2022\/06\/VC-Seal-Chosen_Full-Color_052522.png","width":2077,"height":2087,"caption":"County Of Ventura"},"image":{"@id":"https:\/\/ready.venturacounty.gov\/#\/schema\/logo\/image\/"},"sameAs":["https:\/\/www.facebook.com\/CountyOfVentura\/"]}]}},"_links":{"self":[{"href":"https:\/\/ready.venturacounty.gov\/es\/wp-json\/wp\/v2\/pages\/3145","targetHints":{"allow":["GET"]}}],"collection":[{"href":"https:\/\/ready.venturacounty.gov\/es\/wp-json\/wp\/v2\/pages"}],"about":[{"href":"https:\/\/ready.venturacounty.gov\/es\/wp-json\/wp\/v2\/types\/page"}],"author":[{"embeddable":true,"href":"https:\/\/ready.venturacounty.gov\/es\/wp-json\/wp\/v2\/users\/1"}],"replies":[{"embeddable":true,"href":"https:\/\/ready.venturacounty.gov\/es\/wp-json\/wp\/v2\/comments?post=3145"}],"version-history":[{"count":0,"href":"https:\/\/ready.venturacounty.gov\/es\/wp-json\/wp\/v2\/pages\/3145\/revisions"}],"wp:attachment":[{"href":"https:\/\/ready.venturacounty.gov\/es\/wp-json\/wp\/v2\/media?parent=3145"}],"curies":[{"name":"wp","href":"https:\/\/api.w.org\/{rel}","templated":true}]}}